


{"id":12477,"date":"2021-07-27T10:50:17","date_gmt":"2021-07-27T08:50:17","guid":{"rendered":"https:\/\/oleificiobartolomei.it\/?page_id=12477"},"modified":"2021-08-23T09:20:06","modified_gmt":"2021-08-23T07:20:06","slug":"huelsenfruchte","status":"publish","type":"page","link":"https:\/\/www.oleificiobartolomei.it\/de\/huelsenfruchte\/","title":{"rendered":"H\u00dcLSENFRUCHTE"},"content":{"rendered":"<p>[vc_row row_content_width=&#8221;grid&#8221; el_class=&#8221;paddingMobile2&#8243;][vc_column offset=&#8221;vc_col-lg-offset-0 vc_col-lg-5 vc_col-md-offset-0 vc_col-md-12 vc_col-sm-offset-0 vc_col-xs-12&#8243;]<div class=\"mkdf-elements-holder   mkdf-one-column  mkdf-responsive-mode-768 \" ><div class=\"mkdf-eh-item    \"  data-item-class=\"mkdf-eh-custom-3514\" data-769-1024=\"0px 0px 0px 125px\" data-681-768=\"0px 0px 0px 38px\">\n\t<div class=\"mkdf-eh-item-inner\">\n\t\t<div class=\"mkdf-eh-item-content mkdf-eh-custom-3514\" style=\"padding: 0px 0% 0px 0%\">\n\t\t\t<div class=\"mkdf-single-image-holder    \">\n    <div class=\"mkdf-si-inner\" >\n                                    <img width=\"520\" height=\"629\" src=\"https:\/\/www.oleificiobartolomei.it\/wp-content\/uploads\/2021\/03\/legumes-oleificio.bartolomei.png\" class=\"attachment-full size-full\" alt=\"legumes-oleificio.bartolomei\" decoding=\"async\" srcset=\"https:\/\/www.oleificiobartolomei.it\/wp-content\/uploads\/2021\/03\/legumes-oleificio.bartolomei.png 520w, https:\/\/www.oleificiobartolomei.it\/wp-content\/uploads\/2021\/03\/legumes-oleificio.bartolomei-248x300.png 248w\" sizes=\"(max-width: 520px) 100vw, 520px\" \/>                        <\/div>\n<\/div>\t\t<\/div>\n\t<\/div>\n<\/div><\/div>[\/vc_column][vc_column offset=&#8221;vc_col-lg-offset-0 vc_col-lg-7 vc_col-md-offset-0 vc_col-md-12 vc_col-sm-offset-0 vc_col-xs-12&#8243;]<div class=\"mkdf-elements-holder   mkdf-one-column  mkdf-responsive-mode-768 \" ><div class=\"mkdf-eh-item    \"  data-item-class=\"mkdf-eh-custom-8184\" data-1367-1600=\"53px 0px 0px 100px\" data-1025-1366=\"37px 0px 0px 33px\" data-769-1024=\"53px 123px 22px 124px\" data-681-768=\"53px 30px 46px 37px\" data-680=\"53px 0px 40px 0px\">\n\t<div class=\"mkdf-eh-item-inner\">\n\t\t<div class=\"mkdf-eh-item-content mkdf-eh-custom-8184\" style=\"padding: 53px 0px 0px 100px\">\n\t\t\t<div class=\"mkdf-section-title-holder  mkdf-st-standard mkdf-st-title-left mkdf-st-normal-space \" >\n\t<div class=\"mkdf-st-inner\">\n\t\t\t\t\t<h2 class=\"mkdf-st-subtitle\" style=\"color: #a6934d\">\n\t\t\t\tH\u00fclsenfr\u00fcchte von Bartolomei: reich an Proteinen und Geschmack!\t\t\t<\/h2>\n\t\t\t\t\t\t\t<\/div>\n<\/div>\n[vc_empty_space height=&#8221;20px&#8221;][vc_column_text]<\/p>\n<p class=\"testoGenerale\">Reich an Ballastoffen, Vitaminen und Eiwei\u00df, sind H\u00fclsenfr\u00fcchte eine wichtige Quelle f\u00fcr essenzielle N\u00e4hrstoffe. Das H\u00fclsenfr\u00fcchtesortiment von Frantoio Bartolomei eignet sich perfekt f\u00fcr alle Rezepte unserer mediterranen Tradition, die mit einem Schuss nativem Oliven\u00f6l extra optimal verfeinert werden: ein echter Genuss f\u00fcr Gesundheit und Gaumen.<\/p>\n<p class=\"testoGenerale\"><strong>H\u00fclsenfr\u00fcchte aus der \u00d6lm\u00fchle Bartolomei:<\/strong><\/p>\n<p class=\"testoGenerale\"><i class=\"fa fa-angle-double-right cister-list\"><\/i>Gr\u00fcne Linsen<\/p>\n<p class=\"testoGenerale\"><i class=\"fa fa-angle-double-right cister-list\"><\/i>Schwarze Linsen<\/p>\n<p class=\"testoGenerale\"><i class=\"fa fa-angle-double-right cister-list\"><\/i>Kichererbsen<\/p>\n<p class=\"testoGenerale\"><i class=\"fa fa-angle-double-right cister-list\"><\/i>Borlotti-Bohnen<\/p>\n<p class=\"testoGenerale\"><i class=\"fa fa-angle-double-right cister-list\"><\/i>Cannellini-Bohnen<\/p>\n<p class=\"testoGenerale\"><i class=\"fa fa-angle-double-right cister-list\"><\/i>Perldinkel<\/p>\n<p class=\"testoGenerale\"><i class=\"fa fa-angle-double-right cister-list\"><\/i>Gemischte Suppe<\/p>\n<p class=\"testoGenerale\"><i class=\"fa fa-angle-double-right cister-list\"><\/i>Mixed Soup<\/p>\n<p>[\/vc_column_text][vc_empty_space height=&#8221;40px&#8221;]<a itemprop=\"url\" href=\"https:\/\/oleificiobartolomei.it\/de\/kontaktieren-sie-uns-fuer-bestellungen\/\" target=\"_self\"  class=\"mkdf-btn mkdf-btn-medium mkdf-btn-solid bottoneBartolomei\"  >\n    <span class=\"mkdf-btn-text\">ZUM SHOP<\/span>\n    <\/a>\t\t<\/div>\n\t<\/div>\n<\/div><\/div>[\/vc_column][\/vc_row]<\/p>\n","protected":false},"excerpt":{"rendered":"<p>[vc_row row_content_width=&#8221;grid&#8221; el_class=&#8221;paddingMobile2&#8243;][vc_column offset=&#8221;vc_col-lg-offset-0 vc_col-lg-5 vc_col-md-offset-0 vc_col-md-12 vc_col-sm-offset-0 vc_col-xs-12&#8243;][\/vc_column][vc_column offset=&#8221;vc_col-lg-offset-0 vc_col-lg-7 vc_col-md-offset-0 vc_col-md-12 vc_col-sm-offset-0 vc_col-xs-12&#8243;][\/vc_column][\/vc_row]<\/p>\n","protected":false},"author":94,"featured_media":0,"parent":0,"menu_order":0,"comment_status":"closed","ping_status":"closed","template":"full-width.php","meta":{"footnotes":"","_joinchat":[]},"yoast_head":"<!-- This site is optimized with the Yoast SEO plugin v21.3 - https:\/\/yoast.com\/wordpress\/plugins\/seo\/ -->\n<title>H\u00dcLSENFRUCHTE<\/title>\n<meta name=\"robots\" content=\"index, follow, max-snippet:-1, max-image-preview:large, max-video-preview:-1\" \/>\n<link rel=\"canonical\" href=\"https:\/\/www.oleificiobartolomei.it\/de\/huelsenfruchte\/\" \/>\n<meta property=\"og:locale\" content=\"de_DE\" \/>\n<meta property=\"og:type\" content=\"article\" \/>\n<meta property=\"og:title\" content=\"H\u00dcLSENFRUCHTE\" \/>\n<meta property=\"og:description\" content=\"[vc_row row_content_width=&#8221;grid&#8221; el_class=&#8221;paddingMobile2&#8243;][vc_column offset=&#8221;vc_col-lg-offset-0 vc_col-lg-5 vc_col-md-offset-0 vc_col-md-12 vc_col-sm-offset-0 vc_col-xs-12&#8243;][\/vc_column][vc_column offset=&#8221;vc_col-lg-offset-0 vc_col-lg-7 vc_col-md-offset-0 vc_col-md-12 vc_col-sm-offset-0 vc_col-xs-12&#8243;][\/vc_column][\/vc_row]\" \/>\n<meta property=\"og:url\" content=\"https:\/\/www.oleificiobartolomei.it\/de\/huelsenfruchte\/\" \/>\n<meta property=\"og:site_name\" content=\"Frantoio Bartolomei\" \/>\n<meta property=\"article:publisher\" content=\"https:\/\/www.facebook.com\/frantoiobartolomei\" \/>\n<meta property=\"article:modified_time\" content=\"2021-08-23T07:20:06+00:00\" \/>\n<meta name=\"twitter:card\" content=\"summary_large_image\" \/>\n<meta name=\"twitter:label1\" content=\"Gesch\u00e4tzte Lesezeit\" \/>\n\t<meta name=\"twitter:data1\" content=\"1\u00a0Minute\" \/>\n<script type=\"application\/ld+json\" class=\"yoast-schema-graph\">{\"@context\":\"https:\/\/schema.org\",\"@graph\":[{\"@type\":\"WebPage\",\"@id\":\"https:\/\/www.oleificiobartolomei.it\/de\/huelsenfruchte\/\",\"url\":\"https:\/\/www.oleificiobartolomei.it\/de\/huelsenfruchte\/\",\"name\":\"H\u00dcLSENFRUCHTE\",\"isPartOf\":{\"@id\":\"https:\/\/www.oleificiobartolomei.it\/#website\"},\"datePublished\":\"2021-07-27T08:50:17+00:00\",\"dateModified\":\"2021-08-23T07:20:06+00:00\",\"breadcrumb\":{\"@id\":\"https:\/\/www.oleificiobartolomei.it\/de\/huelsenfruchte\/#breadcrumb\"},\"inLanguage\":\"de\",\"potentialAction\":[{\"@type\":\"ReadAction\",\"target\":[\"https:\/\/www.oleificiobartolomei.it\/de\/huelsenfruchte\/\"]}]},{\"@type\":\"BreadcrumbList\",\"@id\":\"https:\/\/www.oleificiobartolomei.it\/de\/huelsenfruchte\/#breadcrumb\",\"itemListElement\":[{\"@type\":\"ListItem\",\"position\":1,\"name\":\"Home\",\"item\":\"https:\/\/www.oleificiobartolomei.it\/de\/\"},{\"@type\":\"ListItem\",\"position\":2,\"name\":\"H\u00dcLSENFRUCHTE\"}]},{\"@type\":\"WebSite\",\"@id\":\"https:\/\/www.oleificiobartolomei.it\/#website\",\"url\":\"https:\/\/www.oleificiobartolomei.it\/\",\"name\":\"Frantoio Bartolomei\",\"description\":\"Il Gusto della Tradizione\",\"publisher\":{\"@id\":\"https:\/\/www.oleificiobartolomei.it\/#organization\"},\"potentialAction\":[{\"@type\":\"SearchAction\",\"target\":{\"@type\":\"EntryPoint\",\"urlTemplate\":\"https:\/\/www.oleificiobartolomei.it\/?s={search_term_string}\"},\"query-input\":\"required name=search_term_string\"}],\"inLanguage\":\"de\"},{\"@type\":\"Organization\",\"@id\":\"https:\/\/www.oleificiobartolomei.it\/#organization\",\"name\":\"Al Vecchio Frantoio Bartolomei\",\"url\":\"https:\/\/www.oleificiobartolomei.it\/\",\"logo\":{\"@type\":\"ImageObject\",\"inLanguage\":\"de\",\"@id\":\"https:\/\/www.oleificiobartolomei.it\/#\/schema\/logo\/image\/\",\"url\":\"https:\/\/oleificiobartolomei.it\/wp-content\/uploads\/2020\/03\/logo.png\",\"contentUrl\":\"https:\/\/oleificiobartolomei.it\/wp-content\/uploads\/2020\/03\/logo.png\",\"width\":304,\"height\":104,\"caption\":\"Al Vecchio Frantoio Bartolomei\"},\"image\":{\"@id\":\"https:\/\/www.oleificiobartolomei.it\/#\/schema\/logo\/image\/\"},\"sameAs\":[\"https:\/\/www.facebook.com\/frantoiobartolomei\",\"https:\/\/www.instagram.com\/alvecchiofrantoiobartolomei\/\"]}]}<\/script>\n<!-- \/ Yoast SEO plugin. -->","yoast_head_json":{"title":"H\u00dcLSENFRUCHTE","robots":{"index":"index","follow":"follow","max-snippet":"max-snippet:-1","max-image-preview":"max-image-preview:large","max-video-preview":"max-video-preview:-1"},"canonical":"https:\/\/www.oleificiobartolomei.it\/de\/huelsenfruchte\/","og_locale":"de_DE","og_type":"article","og_title":"H\u00dcLSENFRUCHTE","og_description":"[vc_row row_content_width=&#8221;grid&#8221; el_class=&#8221;paddingMobile2&#8243;][vc_column offset=&#8221;vc_col-lg-offset-0 vc_col-lg-5 vc_col-md-offset-0 vc_col-md-12 vc_col-sm-offset-0 vc_col-xs-12&#8243;][\/vc_column][vc_column offset=&#8221;vc_col-lg-offset-0 vc_col-lg-7 vc_col-md-offset-0 vc_col-md-12 vc_col-sm-offset-0 vc_col-xs-12&#8243;][\/vc_column][\/vc_row]","og_url":"https:\/\/www.oleificiobartolomei.it\/de\/huelsenfruchte\/","og_site_name":"Frantoio Bartolomei","article_publisher":"https:\/\/www.facebook.com\/frantoiobartolomei","article_modified_time":"2021-08-23T07:20:06+00:00","twitter_card":"summary_large_image","twitter_misc":{"Gesch\u00e4tzte Lesezeit":"1\u00a0Minute"},"schema":{"@context":"https:\/\/schema.org","@graph":[{"@type":"WebPage","@id":"https:\/\/www.oleificiobartolomei.it\/de\/huelsenfruchte\/","url":"https:\/\/www.oleificiobartolomei.it\/de\/huelsenfruchte\/","name":"H\u00dcLSENFRUCHTE","isPartOf":{"@id":"https:\/\/www.oleificiobartolomei.it\/#website"},"datePublished":"2021-07-27T08:50:17+00:00","dateModified":"2021-08-23T07:20:06+00:00","breadcrumb":{"@id":"https:\/\/www.oleificiobartolomei.it\/de\/huelsenfruchte\/#breadcrumb"},"inLanguage":"de","potentialAction":[{"@type":"ReadAction","target":["https:\/\/www.oleificiobartolomei.it\/de\/huelsenfruchte\/"]}]},{"@type":"BreadcrumbList","@id":"https:\/\/www.oleificiobartolomei.it\/de\/huelsenfruchte\/#breadcrumb","itemListElement":[{"@type":"ListItem","position":1,"name":"Home","item":"https:\/\/www.oleificiobartolomei.it\/de\/"},{"@type":"ListItem","position":2,"name":"H\u00dcLSENFRUCHTE"}]},{"@type":"WebSite","@id":"https:\/\/www.oleificiobartolomei.it\/#website","url":"https:\/\/www.oleificiobartolomei.it\/","name":"Frantoio Bartolomei","description":"Il Gusto della Tradizione","publisher":{"@id":"https:\/\/www.oleificiobartolomei.it\/#organization"},"potentialAction":[{"@type":"SearchAction","target":{"@type":"EntryPoint","urlTemplate":"https:\/\/www.oleificiobartolomei.it\/?s={search_term_string}"},"query-input":"required name=search_term_string"}],"inLanguage":"de"},{"@type":"Organization","@id":"https:\/\/www.oleificiobartolomei.it\/#organization","name":"Al Vecchio Frantoio Bartolomei","url":"https:\/\/www.oleificiobartolomei.it\/","logo":{"@type":"ImageObject","inLanguage":"de","@id":"https:\/\/www.oleificiobartolomei.it\/#\/schema\/logo\/image\/","url":"https:\/\/oleificiobartolomei.it\/wp-content\/uploads\/2020\/03\/logo.png","contentUrl":"https:\/\/oleificiobartolomei.it\/wp-content\/uploads\/2020\/03\/logo.png","width":304,"height":104,"caption":"Al Vecchio Frantoio Bartolomei"},"image":{"@id":"https:\/\/www.oleificiobartolomei.it\/#\/schema\/logo\/image\/"},"sameAs":["https:\/\/www.facebook.com\/frantoiobartolomei","https:\/\/www.instagram.com\/alvecchiofrantoiobartolomei\/"]}]}},"_links":{"self":[{"href":"https:\/\/www.oleificiobartolomei.it\/de\/wp-json\/wp\/v2\/pages\/12477"}],"collection":[{"href":"https:\/\/www.oleificiobartolomei.it\/de\/wp-json\/wp\/v2\/pages"}],"about":[{"href":"https:\/\/www.oleificiobartolomei.it\/de\/wp-json\/wp\/v2\/types\/page"}],"author":[{"embeddable":true,"href":"https:\/\/www.oleificiobartolomei.it\/de\/wp-json\/wp\/v2\/users\/94"}],"replies":[{"embeddable":true,"href":"https:\/\/www.oleificiobartolomei.it\/de\/wp-json\/wp\/v2\/comments?post=12477"}],"version-history":[{"count":6,"href":"https:\/\/www.oleificiobartolomei.it\/de\/wp-json\/wp\/v2\/pages\/12477\/revisions"}],"predecessor-version":[{"id":12800,"href":"https:\/\/www.oleificiobartolomei.it\/de\/wp-json\/wp\/v2\/pages\/12477\/revisions\/12800"}],"wp:attachment":[{"href":"https:\/\/www.oleificiobartolomei.it\/de\/wp-json\/wp\/v2\/media?parent=12477"}],"curies":[{"name":"wp","href":"https:\/\/api.w.org\/{rel}","templated":true}]}}