


{"id":12473,"date":"2021-07-27T10:49:25","date_gmt":"2021-07-27T08:49:25","guid":{"rendered":"https:\/\/oleificiobartolomei.it\/?page_id=12473"},"modified":"2021-08-23T09:21:30","modified_gmt":"2021-08-23T07:21:30","slug":"spezialitaeten","status":"publish","type":"page","link":"https:\/\/www.oleificiobartolomei.it\/de\/spezialitaeten\/","title":{"rendered":"SPEZIALIT\u00c4TEN"},"content":{"rendered":"<p>[vc_row row_content_width=&#8221;grid&#8221; el_class=&#8221;paddingMobile2&#8243;][vc_column offset=&#8221;vc_col-lg-offset-0 vc_col-lg-5 vc_col-md-offset-0 vc_col-md-12 vc_col-sm-offset-0 vc_col-xs-12&#8243;]<div class=\"mkdf-elements-holder   mkdf-one-column  mkdf-responsive-mode-768 \" ><div class=\"mkdf-eh-item    \"  data-item-class=\"mkdf-eh-custom-4593\" data-769-1024=\"0px 0px 0px 125px\" data-681-768=\"0px 0px 0px 38px\">\n\t<div class=\"mkdf-eh-item-inner\">\n\t\t<div class=\"mkdf-eh-item-content mkdf-eh-custom-4593\" style=\"padding: 0px 0% 0px 0%\">\n\t\t\t<div class=\"mkdf-single-image-holder    \">\n    <div class=\"mkdf-si-inner\" >\n                                    <img width=\"520\" height=\"629\" src=\"https:\/\/www.oleificiobartolomei.it\/wp-content\/uploads\/2021\/03\/specialty-oleificio-bartolomei.png\" class=\"attachment-full size-full\" alt=\"specialty-oleificio-bartolomei\" decoding=\"async\" srcset=\"https:\/\/www.oleificiobartolomei.it\/wp-content\/uploads\/2021\/03\/specialty-oleificio-bartolomei.png 520w, https:\/\/www.oleificiobartolomei.it\/wp-content\/uploads\/2021\/03\/specialty-oleificio-bartolomei-248x300.png 248w\" sizes=\"(max-width: 520px) 100vw, 520px\" \/>                        <\/div>\n<\/div>\t\t<\/div>\n\t<\/div>\n<\/div><\/div>[\/vc_column][vc_column offset=&#8221;vc_col-lg-offset-0 vc_col-lg-7 vc_col-md-offset-0 vc_col-md-12 vc_col-sm-offset-0 vc_col-xs-12&#8243;]<div class=\"mkdf-elements-holder   mkdf-one-column  mkdf-responsive-mode-768 \" ><div class=\"mkdf-eh-item    \"  data-item-class=\"mkdf-eh-custom-4343\" data-1367-1600=\"53px 0px 0px 100px\" data-1025-1366=\"37px 0px 0px 33px\" data-769-1024=\"53px 123px 22px 124px\" data-681-768=\"53px 30px 46px 37px\" data-680=\"53px 0px 40px 0px\">\n\t<div class=\"mkdf-eh-item-inner\">\n\t\t<div class=\"mkdf-eh-item-content mkdf-eh-custom-4343\" style=\"padding: 53px 0px 0px 100px\">\n\t\t\t<div class=\"mkdf-section-title-holder  mkdf-st-standard mkdf-st-title-left mkdf-st-normal-space \" >\n\t<div class=\"mkdf-st-inner\">\n\t\t\t\t\t<h2 class=\"mkdf-st-subtitle\" style=\"color: #a6934d\">\n\t\t\t\tUnsere Auswahl an Spezialit\u00e4ten in nativem Oliven\u00f6l extra: eine Geschmacksexplosion!\t\t\t<\/h2>\n\t\t\t\t\t\t\t<\/div>\n<\/div>\n[vc_empty_space height=&#8221;20px&#8221;][vc_column_text]<\/p>\n<p class=\"testoGenerale\">Unsere Spezialit\u00e4ten sind ideal f\u00fcr die Zubereitung reichhaltiger und raffinierter Vorspeisen. Alle Produkte in diesem Bereich sind f\u00fcr all diejenigen geeignet, die die Exklusivit\u00e4t unserer \u201eSpezialit\u00e4ten\u201c genie\u00dfen m\u00f6chten, ohne das Zuhause zu verlassen, indem man online bestellt. Verspassen Sie nicht unsere Produkte in \u00d6l!<br \/>\nBei Bartolomei kommen nur Qualit\u00e4tsprodukte auf Ihren Tisch!<\/p>\n<p class=\"testoGenerale\"><strong>Die Spezialit\u00e4ten der \u00d6lm\u00fchle Bartolomei:<\/strong><\/p>\n<p class=\"testoGenerale\"><i class=\"fa fa-angle-double-right cister-list\"><\/i>Entsteinte Taggiasca-Oliven in \u00d6l<br \/>\n<i class=\"fa fa-angle-double-right cister-list\"><\/i>Schwarze Olivenpaste<br \/>\n<i class=\"fa fa-angle-double-right cister-list\"><\/i>Gegrilltes Gem\u00fcse in \u00d6l<br \/>\n<i class=\"fa fa-angle-double-right cister-list\"><\/i>Gebratene Artischocken in \u00d6l<br \/>\n<i class=\"fa fa-angle-double-right cister-list\"><\/i>Artischocken in \u00d6l<br \/>\n<i class=\"fa fa-angle-double-right cister-list\"><\/i>In \u00d6l marinierter Knoblauch<\/p>\n<p>[\/vc_column_text][vc_empty_space height=&#8221;40px&#8221;]<a itemprop=\"url\" href=\"https:\/\/oleificiobartolomei.it\/de\/kontaktieren-sie-uns-fuer-bestellungen\/\" target=\"_self\"  class=\"mkdf-btn mkdf-btn-medium mkdf-btn-solid bottoneBartolomei\"  >\n    <span class=\"mkdf-btn-text\">ZUM SHOP<\/span>\n    <\/a>\t\t<\/div>\n\t<\/div>\n<\/div><\/div>[\/vc_column][\/vc_row]<\/p>\n","protected":false},"excerpt":{"rendered":"<p>[vc_row row_content_width=&#8221;grid&#8221; el_class=&#8221;paddingMobile2&#8243;][vc_column offset=&#8221;vc_col-lg-offset-0 vc_col-lg-5 vc_col-md-offset-0 vc_col-md-12 vc_col-sm-offset-0 vc_col-xs-12&#8243;][\/vc_column][vc_column offset=&#8221;vc_col-lg-offset-0 vc_col-lg-7 vc_col-md-offset-0 vc_col-md-12 vc_col-sm-offset-0 vc_col-xs-12&#8243;][\/vc_column][\/vc_row]<\/p>\n","protected":false},"author":94,"featured_media":0,"parent":0,"menu_order":0,"comment_status":"closed","ping_status":"closed","template":"full-width.php","meta":{"footnotes":"","_joinchat":[]},"yoast_head":"<!-- This site is optimized with the Yoast SEO plugin v21.3 - https:\/\/yoast.com\/wordpress\/plugins\/seo\/ -->\n<title>SPEZIALIT\u00c4TEN<\/title>\n<meta name=\"robots\" content=\"noindex, nofollow\" \/>\n<meta property=\"og:locale\" content=\"de_DE\" \/>\n<meta property=\"og:type\" content=\"article\" \/>\n<meta property=\"og:title\" content=\"SPEZIALIT\u00c4TEN\" \/>\n<meta property=\"og:description\" content=\"[vc_row row_content_width=&#8221;grid&#8221; el_class=&#8221;paddingMobile2&#8243;][vc_column offset=&#8221;vc_col-lg-offset-0 vc_col-lg-5 vc_col-md-offset-0 vc_col-md-12 vc_col-sm-offset-0 vc_col-xs-12&#8243;][\/vc_column][vc_column offset=&#8221;vc_col-lg-offset-0 vc_col-lg-7 vc_col-md-offset-0 vc_col-md-12 vc_col-sm-offset-0 vc_col-xs-12&#8243;][\/vc_column][\/vc_row]\" \/>\n<meta property=\"og:url\" content=\"https:\/\/www.oleificiobartolomei.it\/de\/spezialitaeten\/\" \/>\n<meta property=\"og:site_name\" content=\"Frantoio Bartolomei\" \/>\n<meta property=\"article:publisher\" content=\"https:\/\/www.facebook.com\/frantoiobartolomei\" \/>\n<meta property=\"article:modified_time\" content=\"2021-08-23T07:21:30+00:00\" \/>\n<meta name=\"twitter:card\" content=\"summary_large_image\" \/>\n<meta name=\"twitter:label1\" content=\"Gesch\u00e4tzte Lesezeit\" \/>\n\t<meta name=\"twitter:data1\" content=\"1\u00a0Minute\" \/>\n<script type=\"application\/ld+json\" class=\"yoast-schema-graph\">{\"@context\":\"https:\/\/schema.org\",\"@graph\":[{\"@type\":\"WebPage\",\"@id\":\"https:\/\/www.oleificiobartolomei.it\/de\/spezialitaeten\/\",\"url\":\"https:\/\/www.oleificiobartolomei.it\/de\/spezialitaeten\/\",\"name\":\"SPEZIALIT\u00c4TEN\",\"isPartOf\":{\"@id\":\"https:\/\/www.oleificiobartolomei.it\/#website\"},\"datePublished\":\"2021-07-27T08:49:25+00:00\",\"dateModified\":\"2021-08-23T07:21:30+00:00\",\"breadcrumb\":{\"@id\":\"https:\/\/www.oleificiobartolomei.it\/de\/spezialitaeten\/#breadcrumb\"},\"inLanguage\":\"de\",\"potentialAction\":[{\"@type\":\"ReadAction\",\"target\":[\"https:\/\/www.oleificiobartolomei.it\/de\/spezialitaeten\/\"]}]},{\"@type\":\"BreadcrumbList\",\"@id\":\"https:\/\/www.oleificiobartolomei.it\/de\/spezialitaeten\/#breadcrumb\",\"itemListElement\":[{\"@type\":\"ListItem\",\"position\":1,\"name\":\"Home\",\"item\":\"https:\/\/www.oleificiobartolomei.it\/de\/\"},{\"@type\":\"ListItem\",\"position\":2,\"name\":\"SPEZIALIT\u00c4TEN\"}]},{\"@type\":\"WebSite\",\"@id\":\"https:\/\/www.oleificiobartolomei.it\/#website\",\"url\":\"https:\/\/www.oleificiobartolomei.it\/\",\"name\":\"Frantoio Bartolomei\",\"description\":\"Il Gusto della Tradizione\",\"publisher\":{\"@id\":\"https:\/\/www.oleificiobartolomei.it\/#organization\"},\"potentialAction\":[{\"@type\":\"SearchAction\",\"target\":{\"@type\":\"EntryPoint\",\"urlTemplate\":\"https:\/\/www.oleificiobartolomei.it\/?s={search_term_string}\"},\"query-input\":\"required name=search_term_string\"}],\"inLanguage\":\"de\"},{\"@type\":\"Organization\",\"@id\":\"https:\/\/www.oleificiobartolomei.it\/#organization\",\"name\":\"Al Vecchio Frantoio Bartolomei\",\"url\":\"https:\/\/www.oleificiobartolomei.it\/\",\"logo\":{\"@type\":\"ImageObject\",\"inLanguage\":\"de\",\"@id\":\"https:\/\/www.oleificiobartolomei.it\/#\/schema\/logo\/image\/\",\"url\":\"https:\/\/oleificiobartolomei.it\/wp-content\/uploads\/2020\/03\/logo.png\",\"contentUrl\":\"https:\/\/oleificiobartolomei.it\/wp-content\/uploads\/2020\/03\/logo.png\",\"width\":304,\"height\":104,\"caption\":\"Al Vecchio Frantoio Bartolomei\"},\"image\":{\"@id\":\"https:\/\/www.oleificiobartolomei.it\/#\/schema\/logo\/image\/\"},\"sameAs\":[\"https:\/\/www.facebook.com\/frantoiobartolomei\",\"https:\/\/www.instagram.com\/alvecchiofrantoiobartolomei\/\"]}]}<\/script>\n<!-- \/ Yoast SEO plugin. -->","yoast_head_json":{"title":"SPEZIALIT\u00c4TEN","robots":{"index":"noindex","follow":"nofollow"},"og_locale":"de_DE","og_type":"article","og_title":"SPEZIALIT\u00c4TEN","og_description":"[vc_row row_content_width=&#8221;grid&#8221; el_class=&#8221;paddingMobile2&#8243;][vc_column offset=&#8221;vc_col-lg-offset-0 vc_col-lg-5 vc_col-md-offset-0 vc_col-md-12 vc_col-sm-offset-0 vc_col-xs-12&#8243;][\/vc_column][vc_column offset=&#8221;vc_col-lg-offset-0 vc_col-lg-7 vc_col-md-offset-0 vc_col-md-12 vc_col-sm-offset-0 vc_col-xs-12&#8243;][\/vc_column][\/vc_row]","og_url":"https:\/\/www.oleificiobartolomei.it\/de\/spezialitaeten\/","og_site_name":"Frantoio Bartolomei","article_publisher":"https:\/\/www.facebook.com\/frantoiobartolomei","article_modified_time":"2021-08-23T07:21:30+00:00","twitter_card":"summary_large_image","twitter_misc":{"Gesch\u00e4tzte Lesezeit":"1\u00a0Minute"},"schema":{"@context":"https:\/\/schema.org","@graph":[{"@type":"WebPage","@id":"https:\/\/www.oleificiobartolomei.it\/de\/spezialitaeten\/","url":"https:\/\/www.oleificiobartolomei.it\/de\/spezialitaeten\/","name":"SPEZIALIT\u00c4TEN","isPartOf":{"@id":"https:\/\/www.oleificiobartolomei.it\/#website"},"datePublished":"2021-07-27T08:49:25+00:00","dateModified":"2021-08-23T07:21:30+00:00","breadcrumb":{"@id":"https:\/\/www.oleificiobartolomei.it\/de\/spezialitaeten\/#breadcrumb"},"inLanguage":"de","potentialAction":[{"@type":"ReadAction","target":["https:\/\/www.oleificiobartolomei.it\/de\/spezialitaeten\/"]}]},{"@type":"BreadcrumbList","@id":"https:\/\/www.oleificiobartolomei.it\/de\/spezialitaeten\/#breadcrumb","itemListElement":[{"@type":"ListItem","position":1,"name":"Home","item":"https:\/\/www.oleificiobartolomei.it\/de\/"},{"@type":"ListItem","position":2,"name":"SPEZIALIT\u00c4TEN"}]},{"@type":"WebSite","@id":"https:\/\/www.oleificiobartolomei.it\/#website","url":"https:\/\/www.oleificiobartolomei.it\/","name":"Frantoio Bartolomei","description":"Il Gusto della Tradizione","publisher":{"@id":"https:\/\/www.oleificiobartolomei.it\/#organization"},"potentialAction":[{"@type":"SearchAction","target":{"@type":"EntryPoint","urlTemplate":"https:\/\/www.oleificiobartolomei.it\/?s={search_term_string}"},"query-input":"required name=search_term_string"}],"inLanguage":"de"},{"@type":"Organization","@id":"https:\/\/www.oleificiobartolomei.it\/#organization","name":"Al Vecchio Frantoio Bartolomei","url":"https:\/\/www.oleificiobartolomei.it\/","logo":{"@type":"ImageObject","inLanguage":"de","@id":"https:\/\/www.oleificiobartolomei.it\/#\/schema\/logo\/image\/","url":"https:\/\/oleificiobartolomei.it\/wp-content\/uploads\/2020\/03\/logo.png","contentUrl":"https:\/\/oleificiobartolomei.it\/wp-content\/uploads\/2020\/03\/logo.png","width":304,"height":104,"caption":"Al Vecchio Frantoio Bartolomei"},"image":{"@id":"https:\/\/www.oleificiobartolomei.it\/#\/schema\/logo\/image\/"},"sameAs":["https:\/\/www.facebook.com\/frantoiobartolomei","https:\/\/www.instagram.com\/alvecchiofrantoiobartolomei\/"]}]}},"_links":{"self":[{"href":"https:\/\/www.oleificiobartolomei.it\/de\/wp-json\/wp\/v2\/pages\/12473"}],"collection":[{"href":"https:\/\/www.oleificiobartolomei.it\/de\/wp-json\/wp\/v2\/pages"}],"about":[{"href":"https:\/\/www.oleificiobartolomei.it\/de\/wp-json\/wp\/v2\/types\/page"}],"author":[{"embeddable":true,"href":"https:\/\/www.oleificiobartolomei.it\/de\/wp-json\/wp\/v2\/users\/94"}],"replies":[{"embeddable":true,"href":"https:\/\/www.oleificiobartolomei.it\/de\/wp-json\/wp\/v2\/comments?post=12473"}],"version-history":[{"count":5,"href":"https:\/\/www.oleificiobartolomei.it\/de\/wp-json\/wp\/v2\/pages\/12473\/revisions"}],"predecessor-version":[{"id":12558,"href":"https:\/\/www.oleificiobartolomei.it\/de\/wp-json\/wp\/v2\/pages\/12473\/revisions\/12558"}],"wp:attachment":[{"href":"https:\/\/www.oleificiobartolomei.it\/de\/wp-json\/wp\/v2\/media?parent=12473"}],"curies":[{"name":"wp","href":"https:\/\/api.w.org\/{rel}","templated":true}]}}