


{"id":12350,"date":"2021-07-26T17:22:38","date_gmt":"2021-07-26T15:22:38","guid":{"rendered":"https:\/\/oleificiobartolomei.it\/?page_id=12350"},"modified":"2021-08-06T10:23:40","modified_gmt":"2021-08-06T08:23:40","slug":"andere-produkte","status":"publish","type":"page","link":"https:\/\/www.oleificiobartolomei.it\/de\/andere-produkte\/","title":{"rendered":"ANDERE PRODUKTE"},"content":{"rendered":"<p>[vc_row row_content_width=&#8221;grid&#8221; el_class=&#8221;paddingMobile2&#8243;][vc_column offset=&#8221;vc_col-lg-offset-2 vc_col-lg-8 vc_col-md-offset-1 vc_col-md-10 vc_col-sm-offset-0 vc_col-xs-12&#8243;]<div class=\"mkdf-section-title-holder  mkdf-st-standard mkdf-st-title-left mkdf-st-normal-space mkdf-st-disable-title-break\" >\n\t<div class=\"mkdf-st-inner\">\n\t\t\t\t\t<h2 class=\"mkdf-st-subtitle\" style=\"color: #a6934d\">\n\t\t\t\tENTDECKEN SIE DIE GANZEN PRODUKTLINIEN VON FRANTOIO BARTOLOMEI\t\t\t<\/h2>\n\t\t\t\t\t\t\t<h3 style=\"display: block; margin: 30px 0 0; font-family: Bree Serif; color: #000; word-wrap: break-word; font-size: 32px; line-height: 1.375em; font-weight: 400;\" class=\"mkdf-st-title\">\n\t\t\t\tAndere Produkte mit nativem<br \/> Oliven\u00f6l extra\t\t\t<\/h3>\n\t\t\t\t\t<\/div>\n<\/div>\n[vc_empty_space height=&#8221;20px&#8221;][vc_column_text]<\/p>\n<p class=\"testoGenerale\">Olive: eine wertvolle Frucht mit zahlreichen wohltuenden Eigenschaften und einem unverwechselbaren Geschmack, die hier bei Frantoio Bartolomei verarbeitet wird, um gesunde und geschmacksvolle Produkte anzubieten.<br \/>\nAu\u00dferhalb unserer \u00d6lproduktlinien wollen wir unsere Auswahl auch mit anderen kulinarischen Elementen vergr\u00f6\u00dfern, die als Grundlage die f\u00fcr uns grunds\u00e4tzliche Zutat teilen: Oliven\u00f6l.<br \/>\nBringen Sie die ganzen Geschmackseinrichtungen von Frantoio Bartolomei mit \u00d6lprodukten und mehr auf den Tisch mit.<\/p>\n<p>[\/vc_column_text][vc_empty_space height=&#8221;60px&#8221;][\/vc_column][\/vc_row][vc_row row_content_width=&#8221;grid&#8221; el_class=&#8221;paddingOlio1&#8243;][vc_column width=&#8221;1\/5&#8243;][vc_single_image image=&#8221;10000&#8243; img_size=&#8221;full&#8221; alignment=&#8221;center&#8221; css_animation=&#8221;fadeInLeftBig&#8221;][vc_empty_space height=&#8221;20px&#8221;][vc_column_text]<\/p>\n<p class=\"nomeOlioHome\"><a href=\"https:\/\/oleificiobartolomei.it\/de\/weine\">WEINE<\/a><\/p>\n<p>[\/vc_column_text][vc_empty_space height=&#8221;50px&#8221; el_class=&#8221;displayCister&#8221;][\/vc_column][vc_column width=&#8221;1\/5&#8243;][vc_single_image image=&#8221;10005&#8243; img_size=&#8221;full&#8221; alignment=&#8221;center&#8221; css_animation=&#8221;fadeInLeft&#8221;][vc_empty_space height=&#8221;20px&#8221;][vc_column_text]<\/p>\n<p class=\"nomeOlioHome\"><a href=\"https:\/\/oleificiobartolomei.it\/de\/huelsenfruchte\">H\u00dcLSENFRUCHT<\/a><\/p>\n<p>[\/vc_column_text][vc_empty_space height=&#8221;50px&#8221; el_class=&#8221;displayCister&#8221;][\/vc_column][vc_column width=&#8221;1\/5&#8243;][vc_single_image image=&#8221;10009&#8243; img_size=&#8221;full&#8221; alignment=&#8221;center&#8221; css_animation=&#8221;fadeInRight&#8221;][vc_empty_space height=&#8221;20px&#8221;][vc_column_text]<\/p>\n<p class=\"nomeOlioHome\"><a href=\"https:\/\/oleificiobartolomei.it\/de\/spezialitaeten\">SPEZIALIT\u00c4TEN<\/a><\/p>\n<p>[\/vc_column_text][vc_empty_space height=&#8221;50px&#8221; el_class=&#8221;displayCister&#8221;][\/vc_column][vc_column width=&#8221;1\/5&#8243;][vc_single_image image=&#8221;10038&#8243; img_size=&#8221;full&#8221; alignment=&#8221;center&#8221; css_animation=&#8221;fadeInRight&#8221;][vc_empty_space height=&#8221;20px&#8221;][vc_column_text]<\/p>\n<p class=\"nomeOlioHome\"><a href=\"https:\/\/oleificiobartolomei.it\/de\/GESCHENKSPAKET\">GESCHENKSPAKET<\/a><\/p>\n<p>[\/vc_column_text][vc_empty_space height=&#8221;50px&#8221; el_class=&#8221;displayCister&#8221;][\/vc_column][vc_column width=&#8221;1\/5&#8243;][vc_single_image image=&#8221;10018&#8243; img_size=&#8221;full&#8221; alignment=&#8221;center&#8221; css_animation=&#8221;fadeInRight&#8221;][vc_empty_space height=&#8221;20px&#8221;][vc_column_text]<\/p>\n<p class=\"nomeOlioHome\"><a href=\"https:\/\/oleificiobartolomei.it\/de\/olivenoelkosmetikprodukte\">OLIVEN\u00d6LKOSMETIKPRODUKTE<\/a><\/p>\n<p>[\/vc_column_text][vc_empty_space height=&#8221;50px&#8221; el_class=&#8221;displayCister&#8221;][\/vc_column][\/vc_row][vc_row row_content_width=&#8221;grid&#8221; el_class=&#8221;paddingMobile2&#8243;][vc_column offset=&#8221;vc_col-lg-offset-2 vc_col-lg-8 vc_col-md-offset-1 vc_col-md-10 vc_col-sm-offset-0 vc_col-xs-12&#8243;][vc_row_inner][vc_column_inner width=&#8221;1\/2&#8243;][vc_empty_space height=&#8221;50px&#8221;][vc_single_image image=&#8221;9470&#8243; img_size=&#8221;full&#8221; css_animation=&#8221;fadeInLeft&#8221;][\/vc_column_inner][vc_column_inner width=&#8221;1\/2&#8243;]<div class=\"mkdf-section-title-holder  mkdf-st-standard mkdf-st-title-left mkdf-st-normal-space mkdf-st-disable-title-break\" >\n\t<div class=\"mkdf-st-inner\">\n\t\t\t\t\t<h2 class=\"mkdf-st-subtitle\" style=\"color: #a6934d\">\n\t\t\t\tWIR VERSENDEN IN DIE GANZE WELT\t\t\t<\/h2>\n\t\t\t\t\t\t\t<h3 style=\"display: block; margin: 30px 0 0; font-family: Bree Serif; color: #000; word-wrap: break-word; font-size: 32px; line-height: 1.375em; font-weight: 400;\" class=\"mkdf-st-title\">\n\t\t\t\tM\u00f6chten Sie unsere Produkte<br \/> bestellen?\t\t\t<\/h3>\n\t\t\t\t\t<\/div>\n<\/div>\n[vc_empty_space height=&#8221;20px&#8221;][vc_column_text]<\/p>\n<p class=\"testoGeneraleFrantoio\">Genie\u00dfen Sie vom zuhause die reinen und authentischen Geschmackseinrichtungen von Frantoio Bartolomei. Wir verschicken in die ganze Welt, w\u00e4hlen Sie Ihre Produkte aus und Sie bekommen sie innerhalb weniger Tage direkt bei Ihnen zuhause.<\/p>\n<p>[\/vc_column_text][vc_empty_space height=&#8221;60px&#8221;]<a itemprop=\"url\" href=\"https:\/\/oleificiobartolomei.it\/de\/kontaktieren-sie-uns-fuer-bestellungen\/\" target=\"_self\" style=\"color: #ffffff;background-color: #2c2c2c;margin: 0px 0px 0px 0px\" class=\"mkdf-btn mkdf-btn-medium mkdf-btn-solid mkdf-btn-custom-hover-bg mkdf-btn-custom-hover-color\" data-hover-color=\"#ffffff\" data-hover-bg-color=\"#a7944e\" >\n    <span class=\"mkdf-btn-text\">ZUM SHOP<\/span>\n    <\/a>[\/vc_column_inner][\/vc_row_inner][\/vc_column][\/vc_row]<\/p>\n","protected":false},"excerpt":{"rendered":"<p>[vc_row row_content_width=&#8221;grid&#8221; el_class=&#8221;paddingMobile2&#8243;][vc_column offset=&#8221;vc_col-lg-offset-2 vc_col-lg-8 vc_col-md-offset-1 vc_col-md-10 vc_col-sm-offset-0 vc_col-xs-12&#8243;][vc_empty_space height=&#8221;20px&#8221;][vc_column_text] Olive: eine wertvolle Frucht mit zahlreichen wohltuenden Eigenschaften und einem unverwechselbaren Geschmack, die hier bei Frantoio Bartolomei verarbeitet wird, um gesunde und geschmacksvolle Produkte anzubieten. Au\u00dferhalb unserer \u00d6lproduktlinien wollen wir unsere Auswahl auch mit anderen kulinarischen Elementen vergr\u00f6\u00dfern, die als Grundlage die f\u00fcr uns grunds\u00e4tzliche Zutat teilen: Oliven\u00f6l. Bringen Sie die ganzen Geschmackseinrichtungen von Frantoio Bartolomei mit \u00d6lprodukten und mehr auf den Tisch mit. [&hellip;]<\/p>\n","protected":false},"author":94,"featured_media":0,"parent":0,"menu_order":0,"comment_status":"closed","ping_status":"closed","template":"","meta":{"footnotes":"","_joinchat":[]},"yoast_head":"<!-- This site is optimized with the Yoast SEO plugin v21.3 - https:\/\/yoast.com\/wordpress\/plugins\/seo\/ -->\n<title>Other Products<\/title>\n<meta name=\"robots\" content=\"index, follow, max-snippet:-1, max-image-preview:large, max-video-preview:-1\" \/>\n<link rel=\"canonical\" href=\"https:\/\/www.oleificiobartolomei.it\/de\/andere-produkte\/\" \/>\n<meta property=\"og:locale\" content=\"de_DE\" \/>\n<meta property=\"og:type\" content=\"article\" \/>\n<meta property=\"og:title\" content=\"Other Products\" \/>\n<meta property=\"og:description\" content=\"[vc_row row_content_width=&#8221;grid&#8221; el_class=&#8221;paddingMobile2&#8243;][vc_column offset=&#8221;vc_col-lg-offset-2 vc_col-lg-8 vc_col-md-offset-1 vc_col-md-10 vc_col-sm-offset-0 vc_col-xs-12&#8243;][vc_empty_space height=&#8221;20px&#8221;][vc_column_text] Olive: eine wertvolle Frucht mit zahlreichen wohltuenden Eigenschaften und einem unverwechselbaren Geschmack, die hier bei Frantoio Bartolomei verarbeitet wird, um gesunde und geschmacksvolle Produkte anzubieten. Au\u00dferhalb unserer \u00d6lproduktlinien wollen wir unsere Auswahl auch mit anderen kulinarischen Elementen vergr\u00f6\u00dfern, die als Grundlage die f\u00fcr uns grunds\u00e4tzliche Zutat teilen: Oliven\u00f6l. Bringen Sie die ganzen Geschmackseinrichtungen von Frantoio Bartolomei mit \u00d6lprodukten und mehr auf den Tisch mit. [&hellip;]\" \/>\n<meta property=\"og:url\" content=\"https:\/\/www.oleificiobartolomei.it\/de\/andere-produkte\/\" \/>\n<meta property=\"og:site_name\" content=\"Frantoio Bartolomei\" \/>\n<meta property=\"article:publisher\" content=\"https:\/\/www.facebook.com\/frantoiobartolomei\" \/>\n<meta property=\"article:modified_time\" content=\"2021-08-06T08:23:40+00:00\" \/>\n<meta name=\"twitter:card\" content=\"summary_large_image\" \/>\n<meta name=\"twitter:label1\" content=\"Gesch\u00e4tzte Lesezeit\" \/>\n\t<meta name=\"twitter:data1\" content=\"2\u00a0Minuten\" \/>\n<script type=\"application\/ld+json\" class=\"yoast-schema-graph\">{\"@context\":\"https:\/\/schema.org\",\"@graph\":[{\"@type\":\"WebPage\",\"@id\":\"https:\/\/www.oleificiobartolomei.it\/de\/andere-produkte\/\",\"url\":\"https:\/\/www.oleificiobartolomei.it\/de\/andere-produkte\/\",\"name\":\"Other Products\",\"isPartOf\":{\"@id\":\"https:\/\/www.oleificiobartolomei.it\/#website\"},\"datePublished\":\"2021-07-26T15:22:38+00:00\",\"dateModified\":\"2021-08-06T08:23:40+00:00\",\"breadcrumb\":{\"@id\":\"https:\/\/www.oleificiobartolomei.it\/de\/andere-produkte\/#breadcrumb\"},\"inLanguage\":\"de\",\"potentialAction\":[{\"@type\":\"ReadAction\",\"target\":[\"https:\/\/www.oleificiobartolomei.it\/de\/andere-produkte\/\"]}]},{\"@type\":\"BreadcrumbList\",\"@id\":\"https:\/\/www.oleificiobartolomei.it\/de\/andere-produkte\/#breadcrumb\",\"itemListElement\":[{\"@type\":\"ListItem\",\"position\":1,\"name\":\"Home\",\"item\":\"https:\/\/www.oleificiobartolomei.it\/de\/\"},{\"@type\":\"ListItem\",\"position\":2,\"name\":\"ANDERE PRODUKTE\"}]},{\"@type\":\"WebSite\",\"@id\":\"https:\/\/www.oleificiobartolomei.it\/#website\",\"url\":\"https:\/\/www.oleificiobartolomei.it\/\",\"name\":\"Frantoio Bartolomei\",\"description\":\"Il Gusto della Tradizione\",\"publisher\":{\"@id\":\"https:\/\/www.oleificiobartolomei.it\/#organization\"},\"potentialAction\":[{\"@type\":\"SearchAction\",\"target\":{\"@type\":\"EntryPoint\",\"urlTemplate\":\"https:\/\/www.oleificiobartolomei.it\/?s={search_term_string}\"},\"query-input\":\"required name=search_term_string\"}],\"inLanguage\":\"de\"},{\"@type\":\"Organization\",\"@id\":\"https:\/\/www.oleificiobartolomei.it\/#organization\",\"name\":\"Al Vecchio Frantoio Bartolomei\",\"url\":\"https:\/\/www.oleificiobartolomei.it\/\",\"logo\":{\"@type\":\"ImageObject\",\"inLanguage\":\"de\",\"@id\":\"https:\/\/www.oleificiobartolomei.it\/#\/schema\/logo\/image\/\",\"url\":\"https:\/\/oleificiobartolomei.it\/wp-content\/uploads\/2020\/03\/logo.png\",\"contentUrl\":\"https:\/\/oleificiobartolomei.it\/wp-content\/uploads\/2020\/03\/logo.png\",\"width\":304,\"height\":104,\"caption\":\"Al Vecchio Frantoio Bartolomei\"},\"image\":{\"@id\":\"https:\/\/www.oleificiobartolomei.it\/#\/schema\/logo\/image\/\"},\"sameAs\":[\"https:\/\/www.facebook.com\/frantoiobartolomei\",\"https:\/\/www.instagram.com\/alvecchiofrantoiobartolomei\/\"]}]}<\/script>\n<!-- \/ Yoast SEO plugin. -->","yoast_head_json":{"title":"Other Products","robots":{"index":"index","follow":"follow","max-snippet":"max-snippet:-1","max-image-preview":"max-image-preview:large","max-video-preview":"max-video-preview:-1"},"canonical":"https:\/\/www.oleificiobartolomei.it\/de\/andere-produkte\/","og_locale":"de_DE","og_type":"article","og_title":"Other Products","og_description":"[vc_row row_content_width=&#8221;grid&#8221; el_class=&#8221;paddingMobile2&#8243;][vc_column offset=&#8221;vc_col-lg-offset-2 vc_col-lg-8 vc_col-md-offset-1 vc_col-md-10 vc_col-sm-offset-0 vc_col-xs-12&#8243;][vc_empty_space height=&#8221;20px&#8221;][vc_column_text] Olive: eine wertvolle Frucht mit zahlreichen wohltuenden Eigenschaften und einem unverwechselbaren Geschmack, die hier bei Frantoio Bartolomei verarbeitet wird, um gesunde und geschmacksvolle Produkte anzubieten. Au\u00dferhalb unserer \u00d6lproduktlinien wollen wir unsere Auswahl auch mit anderen kulinarischen Elementen vergr\u00f6\u00dfern, die als Grundlage die f\u00fcr uns grunds\u00e4tzliche Zutat teilen: Oliven\u00f6l. Bringen Sie die ganzen Geschmackseinrichtungen von Frantoio Bartolomei mit \u00d6lprodukten und mehr auf den Tisch mit. [&hellip;]","og_url":"https:\/\/www.oleificiobartolomei.it\/de\/andere-produkte\/","og_site_name":"Frantoio Bartolomei","article_publisher":"https:\/\/www.facebook.com\/frantoiobartolomei","article_modified_time":"2021-08-06T08:23:40+00:00","twitter_card":"summary_large_image","twitter_misc":{"Gesch\u00e4tzte Lesezeit":"2\u00a0Minuten"},"schema":{"@context":"https:\/\/schema.org","@graph":[{"@type":"WebPage","@id":"https:\/\/www.oleificiobartolomei.it\/de\/andere-produkte\/","url":"https:\/\/www.oleificiobartolomei.it\/de\/andere-produkte\/","name":"Other Products","isPartOf":{"@id":"https:\/\/www.oleificiobartolomei.it\/#website"},"datePublished":"2021-07-26T15:22:38+00:00","dateModified":"2021-08-06T08:23:40+00:00","breadcrumb":{"@id":"https:\/\/www.oleificiobartolomei.it\/de\/andere-produkte\/#breadcrumb"},"inLanguage":"de","potentialAction":[{"@type":"ReadAction","target":["https:\/\/www.oleificiobartolomei.it\/de\/andere-produkte\/"]}]},{"@type":"BreadcrumbList","@id":"https:\/\/www.oleificiobartolomei.it\/de\/andere-produkte\/#breadcrumb","itemListElement":[{"@type":"ListItem","position":1,"name":"Home","item":"https:\/\/www.oleificiobartolomei.it\/de\/"},{"@type":"ListItem","position":2,"name":"ANDERE PRODUKTE"}]},{"@type":"WebSite","@id":"https:\/\/www.oleificiobartolomei.it\/#website","url":"https:\/\/www.oleificiobartolomei.it\/","name":"Frantoio Bartolomei","description":"Il Gusto della Tradizione","publisher":{"@id":"https:\/\/www.oleificiobartolomei.it\/#organization"},"potentialAction":[{"@type":"SearchAction","target":{"@type":"EntryPoint","urlTemplate":"https:\/\/www.oleificiobartolomei.it\/?s={search_term_string}"},"query-input":"required name=search_term_string"}],"inLanguage":"de"},{"@type":"Organization","@id":"https:\/\/www.oleificiobartolomei.it\/#organization","name":"Al Vecchio Frantoio Bartolomei","url":"https:\/\/www.oleificiobartolomei.it\/","logo":{"@type":"ImageObject","inLanguage":"de","@id":"https:\/\/www.oleificiobartolomei.it\/#\/schema\/logo\/image\/","url":"https:\/\/oleificiobartolomei.it\/wp-content\/uploads\/2020\/03\/logo.png","contentUrl":"https:\/\/oleificiobartolomei.it\/wp-content\/uploads\/2020\/03\/logo.png","width":304,"height":104,"caption":"Al Vecchio Frantoio Bartolomei"},"image":{"@id":"https:\/\/www.oleificiobartolomei.it\/#\/schema\/logo\/image\/"},"sameAs":["https:\/\/www.facebook.com\/frantoiobartolomei","https:\/\/www.instagram.com\/alvecchiofrantoiobartolomei\/"]}]}},"_links":{"self":[{"href":"https:\/\/www.oleificiobartolomei.it\/de\/wp-json\/wp\/v2\/pages\/12350"}],"collection":[{"href":"https:\/\/www.oleificiobartolomei.it\/de\/wp-json\/wp\/v2\/pages"}],"about":[{"href":"https:\/\/www.oleificiobartolomei.it\/de\/wp-json\/wp\/v2\/types\/page"}],"author":[{"embeddable":true,"href":"https:\/\/www.oleificiobartolomei.it\/de\/wp-json\/wp\/v2\/users\/94"}],"replies":[{"embeddable":true,"href":"https:\/\/www.oleificiobartolomei.it\/de\/wp-json\/wp\/v2\/comments?post=12350"}],"version-history":[{"count":8,"href":"https:\/\/www.oleificiobartolomei.it\/de\/wp-json\/wp\/v2\/pages\/12350\/revisions"}],"predecessor-version":[{"id":12357,"href":"https:\/\/www.oleificiobartolomei.it\/de\/wp-json\/wp\/v2\/pages\/12350\/revisions\/12357"}],"wp:attachment":[{"href":"https:\/\/www.oleificiobartolomei.it\/de\/wp-json\/wp\/v2\/media?parent=12350"}],"curies":[{"name":"wp","href":"https:\/\/api.w.org\/{rel}","templated":true}]}}