


{"id":12343,"date":"2021-07-26T17:15:22","date_gmt":"2021-07-26T15:15:22","guid":{"rendered":"https:\/\/oleificiobartolomei.it\/?page_id=12343"},"modified":"2021-08-06T11:15:14","modified_gmt":"2021-08-06T09:15:14","slug":"monocultivar","status":"publish","type":"page","link":"https:\/\/www.oleificiobartolomei.it\/de\/monocultivar\/","title":{"rendered":"MONOCULTIVAR"},"content":{"rendered":"<p>[vc_row row_content_width=&#8221;grid&#8221; el_class=&#8221;paddingMobile2&#8243;][vc_column offset=&#8221;vc_col-lg-offset-0 vc_col-lg-5 vc_col-md-offset-0 vc_col-md-12 vc_col-sm-offset-0 vc_col-xs-12&#8243;]<div class=\"mkdf-elements-holder   mkdf-one-column  mkdf-responsive-mode-768 \" ><div class=\"mkdf-eh-item    \"  data-item-class=\"mkdf-eh-custom-8456\" data-769-1024=\"0px 0px 0px 125px\" data-681-768=\"0px 0px 0px 38px\">\n\t<div class=\"mkdf-eh-item-inner\">\n\t\t<div class=\"mkdf-eh-item-content mkdf-eh-custom-8456\" style=\"padding: 0px 0% 0px 0%\">\n\t\t\t<div class=\"mkdf-single-image-holder    \">\n    <div class=\"mkdf-si-inner\" >\n                                    <img width=\"520\" height=\"629\" src=\"https:\/\/www.oleificiobartolomei.it\/wp-content\/uploads\/2020\/11\/monocultivar-png.png\" class=\"attachment-full size-full\" alt=\"monocultivar-png\" decoding=\"async\" srcset=\"https:\/\/www.oleificiobartolomei.it\/wp-content\/uploads\/2020\/11\/monocultivar-png.png 520w, https:\/\/www.oleificiobartolomei.it\/wp-content\/uploads\/2020\/11\/monocultivar-png-248x300.png 248w\" sizes=\"(max-width: 520px) 100vw, 520px\" \/>                        <\/div>\n<\/div>\t\t<\/div>\n\t<\/div>\n<\/div><\/div>[\/vc_column][vc_column offset=&#8221;vc_col-lg-offset-0 vc_col-lg-7 vc_col-md-offset-0 vc_col-md-12 vc_col-sm-offset-0 vc_col-xs-12&#8243;]<div class=\"mkdf-elements-holder   mkdf-one-column  mkdf-responsive-mode-768 \" ><div class=\"mkdf-eh-item    \"  data-item-class=\"mkdf-eh-custom-8871\" data-1367-1600=\"53px 0px 0px 100px\" data-1025-1366=\"37px 0px 0px 33px\" data-769-1024=\"53px 123px 22px 124px\" data-681-768=\"53px 30px 46px 37px\" data-680=\"53px 0px 40px 0px\">\n\t<div class=\"mkdf-eh-item-inner\">\n\t\t<div class=\"mkdf-eh-item-content mkdf-eh-custom-8871\" style=\"padding: 53px 0px 0px 100px\">\n\t\t\t<div class=\"mkdf-section-title-holder  mkdf-st-standard mkdf-st-title-left mkdf-st-normal-space \" >\n\t<div class=\"mkdf-st-inner\">\n\t\t\t\t\t<h2 class=\"mkdf-st-subtitle\" style=\"color: #a6934d\">\n\t\t\t\tNATIVES REINSORTIGES OLIVEN\u00d6L EXTRA\t\t\t<\/h2>\n\t\t\t\t\t\t\t<\/div>\n<\/div>\n[vc_empty_space height=&#8221;20px&#8221;][vc_column_text]<\/p>\n<p class=\"testoGenerale\">IN EINEM TROPFEN DIE GANZE EIGENART EINES GEBIETES WIEDER ENTDECKEN<\/p>\n<p class=\"testoGenerale\">Aus einer einzigen jedes Jahr wechselnden Olivensorte gewonnen, verf\u00fcgt das Monocultivar einen robusten Charakter und einen einzigartigen Geschmack.<\/p>\n<p>[\/vc_column_text][vc_empty_space height=&#8221;40px&#8221;]<a itemprop=\"url\" href=\"#scheda-tecnica-monocultivar\" target=\"_self\"  class=\"mkdf-btn mkdf-btn-medium mkdf-btn-simple bottoneBartolomei\"  >\n    <span class=\"mkdf-btn-text\">DATENBLATT<\/span>\n    <\/a>\t\t<\/div>\n\t<\/div>\n<\/div><\/div>[\/vc_column][\/vc_row][vc_row row_content_width=&#8221;grid&#8221; parallax_background_image=&#8221;9990&#8243;][vc_column]<div class=\"mkdf-elements-holder   mkdf-one-column  mkdf-responsive-mode-768 \" ><div class=\"mkdf-eh-item    \"  data-item-class=\"mkdf-eh-custom-7904\" data-1367-1600=\"500px 0px 0px 0px\">\n\t<div class=\"mkdf-eh-item-inner\">\n\t\t<div class=\"mkdf-eh-item-content mkdf-eh-custom-7904\" style=\"padding: 785px 0px 0px 0px\">\n\t\t\t\t\t<\/div>\n\t<\/div>\n<\/div><\/div>[\/vc_column][\/vc_row][vc_row row_content_width=&#8221;grid&#8221; el_id=&#8221;scheda-tecnica-monocultivar&#8221; el_class=&#8221;width-prodotti paddingMobile&#8221;][vc_column offset=&#8221;vc_col-lg-offset-2 vc_col-lg-8 vc_col-md-offset-1 vc_col-sm-offset-0 vc_col-xs-12&#8243;]<div class=\"mkdf-section-title-holder  mkdf-st-standard mkdf-st-title-left mkdf-st-normal-space \" >\n\t<div class=\"mkdf-st-inner\">\n\t\t\t\t\t<h2 class=\"mkdf-st-subtitle\" style=\"color: #a6934d\">\n\t\t\t\tJAHRGANG: 2020\t\t\t<\/h2>\n\t\t\t\t\t\t\t<h3 style=\"display: block; margin: 30px 0 0; font-family: Bree Serif; color: #000; word-wrap: break-word; font-size: 32px; line-height: 1.375em; font-weight: 400;\" class=\"mkdf-st-title\">\n\t\t\t\tDatenblatt\t\t\t<\/h3>\n\t\t\t\t\t<\/div>\n<\/div>\n[vc_empty_space height=&#8221;50px&#8221;][vc_row_inner][vc_column_inner width=&#8221;1\/2&#8243;]<div class=\"mkdf-section-title-holder  mkdf-st-standard mkdf-st-title-left mkdf-st-normal-space \" >\n\t<div class=\"mkdf-st-inner\">\n\t\t\t\t\t\t\t<h3 style=\"display: block; margin: 30px 0 0; font-family: Bree Serif; color: #000; word-wrap: break-word; font-size: 32px; line-height: 1.375em; font-weight: 400;\" class=\"mkdf-st-title\">\n\t\t\t\tMonocultivar Moraiolo\t\t\t<\/h3>\n\t\t\t\t\t<\/div>\n<\/div>\n[vc_column_text]<\/p>\n<p class=\"testoGenerale\">Dieses Monocultivar wird ausschlie\u00dflich aus Moraiolo Oliven gewonnen, die K\u00f6nigin der umbrischen Oliven. Es zeichnet sich durch seine deutliche Sch\u00e4rfe und einen bitteren Nachgeschmack aus. Wir empfehlen es ausschlie\u00dflich roh, um rotes Fleisch oder gegrilltes Gem\u00fcse zu verfeinern. Doch um die Komplexit\u00e4t seiner Aromen und Geschmackseinrichtungen voll zu genie\u00dfen, reicht es auch nur eine Scheibe nicht gesalzenen und nicht ger\u00f6stetes Brot!<br \/>\nEine reale Geschmacksexplosion des umbrischen \u00d6ls.<\/p>\n<p>[\/vc_column_text][vc_empty_space height=&#8221;10px&#8221;][vc_column_text]<\/p>\n<p class=\"testoGenerale\"><img decoding=\"async\" class=\"alignnone size-full wp-image-4797\" src=\"http:\/\/comunicogroup.dev\/Frantoio\/wp-content\/uploads\/2019\/10\/icon.png\" alt=\"\" width=\"30\" \/> <strong>OLIVENSORTEN:<\/strong> 100 % Moraiolo<br \/>\n<strong>ERNTE:<\/strong> Manuell im Oktober<br \/>\n<strong>EXKTRAKTIONSMETHODE:<\/strong> Kaltgepresst<br \/>\n<strong>S\u00c4UREGEHALT:<\/strong> 0,22<br \/>\n<strong>PEROXIDE:<\/strong> 6,9<br \/>\n<strong>FARBE:<\/strong> intensives gr\u00fcn<br \/>\n<strong>GESCHMACK:<\/strong> Sehr intensiv \u2013 Noten von Artischocken<br \/>\n<strong>GERUCH:<\/strong> kr\u00e4ftig \u2013fruchtig nach Oliven<br \/>\n<strong>EMPFEHLUNGEN:<\/strong> rohkostgeeignet mit rotem Fleisch<br \/>\n<strong>PERFEKTE PAARUNGEN:<\/strong> Lendenschnitte, Tartar, frisches ungetoastetes Brot<\/p>\n<p>[\/vc_column_text][vc_empty_space height=&#8221;40px&#8221;][\/vc_column_inner][vc_column_inner width=&#8221;1\/2&#8243;]<div class=\"mkdf-section-title-holder  mkdf-st-standard mkdf-st-title-left mkdf-st-normal-space \" >\n\t<div class=\"mkdf-st-inner\">\n\t\t\t\t\t\t\t<h3 style=\"display: block; margin: 30px 0 0; font-family: Bree Serif; color: #000; word-wrap: break-word; font-size: 32px; line-height: 1.375em; font-weight: 400;\" class=\"mkdf-st-title\">\n\t\t\t\tMonocultivar Nocellara\t\t\t<\/h3>\n\t\t\t\t\t<\/div>\n<\/div>\n[vc_column_text]<\/p>\n<p class=\"testoGenerale\">Dieses Monocultivar ist echt voller Geschmack. Anders als die typischen umbrischen Aromen, str\u00f6mt dieses Monocultivar einen intensiven Duft von frisch gem\u00e4htem Gras und Tomaten ein. Am Anfang schmeckt es rund und voll doch am Ende kommt die Sch\u00e4rfe, die ihm eine besondere Einzigartigkeit schenkt.<br \/>\nDie perfekten Begleiter sind dank ihren zarten Noten frische und rohe Gem\u00fcse, wie z.B. Fenchel oder Rettich.<\/p>\n<p>[\/vc_column_text][vc_empty_space height=&#8221;10px&#8221;][vc_column_text]<\/p>\n<p class=\"testoGenerale\"><img decoding=\"async\" class=\"alignnone size-full wp-image-4797\" src=\"http:\/\/comunicogroup.dev\/Frantoio\/wp-content\/uploads\/2019\/10\/icon.png\" alt=\"\" width=\"30\" \/> <strong>OLIVENSORTEN:<\/strong> 100 % Nocellara del belice<br \/>\n<strong>ERNTE:<\/strong> Manuell im Oktober<br \/>\n<strong>EXKTRAKTIONSMETHODE:<\/strong> Kaltgepresst<br \/>\n<strong>S\u00c4UREGEHALT:<\/strong> 0,22<br \/>\n<strong>PEROXIDE:<\/strong> 6,9<br \/>\n<strong>FARBE:<\/strong> Goldgelb<br \/>\n<strong>GESCHMACK:<\/strong> Sanft \u2013 Noten von Mandeln und Tomaten<br \/>\n<strong>GERUCH:<\/strong> Besonders w\u00fcrzig \u2013 fruchtig nach Oliven<br \/>\n<strong>EMPFEHLUNGEN:<\/strong> rohkostgeeignet mit frischem und sanftem Gem\u00fcse<br \/>\n<strong>PERFEKTE PAARUNGEN:<\/strong> Fenchel und Rettiche, frisches ungetoastetes Brot<\/p>\n<p>[\/vc_column_text][vc_empty_space height=&#8221;40px&#8221;][\/vc_column_inner][\/vc_row_inner]<a itemprop=\"url\" href=\"https:\/\/oleificiobartolomei.it\/de\/kontaktieren-sie-uns-fuer-bestellungen\/\" target=\"_self\"  class=\"mkdf-btn mkdf-btn-medium mkdf-btn-solid bottoneBartolomei\"  >\n    <span class=\"mkdf-btn-text\">ZUM SHOP<\/span>\n    <\/a>[\/vc_column][\/vc_row]<\/p>\n","protected":false},"excerpt":{"rendered":"<p>[vc_row row_content_width=&#8221;grid&#8221; el_class=&#8221;paddingMobile2&#8243;][vc_column offset=&#8221;vc_col-lg-offset-0 vc_col-lg-5 vc_col-md-offset-0 vc_col-md-12 vc_col-sm-offset-0 vc_col-xs-12&#8243;][\/vc_column][vc_column offset=&#8221;vc_col-lg-offset-0 vc_col-lg-7 vc_col-md-offset-0 vc_col-md-12 vc_col-sm-offset-0 vc_col-xs-12&#8243;][\/vc_column][\/vc_row][vc_row row_content_width=&#8221;grid&#8221; parallax_background_image=&#8221;9990&#8243;][vc_column][\/vc_column][\/vc_row][vc_row row_content_width=&#8221;grid&#8221; el_id=&#8221;scheda-tecnica-monocultivar&#8221; el_class=&#8221;width-prodotti paddingMobile&#8221;][vc_column offset=&#8221;vc_col-lg-offset-2 vc_col-lg-8 vc_col-md-offset-1 vc_col-sm-offset-0 vc_col-xs-12&#8243;][vc_empty_space height=&#8221;50px&#8221;][vc_row_inner][vc_column_inner width=&#8221;1\/2&#8243;][vc_column_text] Dieses Monocultivar wird ausschlie\u00dflich aus Moraiolo Oliven gewonnen, die K\u00f6nigin der umbrischen Oliven. Es zeichnet sich durch seine deutliche Sch\u00e4rfe und einen bitteren Nachgeschmack aus. Wir empfehlen es ausschlie\u00dflich roh, um rotes Fleisch oder gegrilltes Gem\u00fcse zu verfeinern. Doch um die Komplexit\u00e4t seiner Aromen und Geschmackseinrichtungen [&hellip;]<\/p>\n","protected":false},"author":94,"featured_media":0,"parent":0,"menu_order":0,"comment_status":"closed","ping_status":"closed","template":"full-width.php","meta":{"footnotes":"","_joinchat":[]},"yoast_head":"<!-- This site is optimized with the Yoast SEO plugin v21.3 - https:\/\/yoast.com\/wordpress\/plugins\/seo\/ -->\n<title>Monocultivar Oil<\/title>\n<meta name=\"description\" content=\"To rediscover in a drop all the character of a territoryObtained from a single variety of olives that changes every year, Monocultivar is an oil with a strong character and a unique taste.\" \/>\n<meta name=\"robots\" content=\"noindex, nofollow\" \/>\n<meta property=\"og:locale\" content=\"de_DE\" \/>\n<meta property=\"og:type\" content=\"article\" \/>\n<meta property=\"og:title\" content=\"Monocultivar Oil\" \/>\n<meta property=\"og:description\" content=\"To rediscover in a drop all the character of a territoryObtained from a single variety of olives that changes every year, Monocultivar is an oil with a strong character and a unique taste.\" \/>\n<meta property=\"og:url\" content=\"https:\/\/www.oleificiobartolomei.it\/de\/monocultivar\/\" \/>\n<meta property=\"og:site_name\" content=\"Frantoio Bartolomei\" \/>\n<meta property=\"article:publisher\" content=\"https:\/\/www.facebook.com\/frantoiobartolomei\" \/>\n<meta property=\"article:modified_time\" content=\"2021-08-06T09:15:14+00:00\" \/>\n<meta property=\"og:image\" content=\"http:\/\/comunicogroup.dev\/Frantoio\/wp-content\/uploads\/2019\/10\/icon.png\" \/>\n<meta name=\"twitter:card\" content=\"summary_large_image\" \/>\n<meta name=\"twitter:label1\" content=\"Gesch\u00e4tzte Lesezeit\" \/>\n\t<meta name=\"twitter:data1\" content=\"3\u00a0Minuten\" \/>\n<script type=\"application\/ld+json\" class=\"yoast-schema-graph\">{\"@context\":\"https:\/\/schema.org\",\"@graph\":[{\"@type\":\"WebPage\",\"@id\":\"https:\/\/www.oleificiobartolomei.it\/de\/monocultivar\/\",\"url\":\"https:\/\/www.oleificiobartolomei.it\/de\/monocultivar\/\",\"name\":\"Monocultivar Oil\",\"isPartOf\":{\"@id\":\"https:\/\/www.oleificiobartolomei.it\/#website\"},\"datePublished\":\"2021-07-26T15:15:22+00:00\",\"dateModified\":\"2021-08-06T09:15:14+00:00\",\"description\":\"To rediscover in a drop all the character of a territoryObtained from a single variety of olives that changes every year, Monocultivar is an oil with a strong character and a unique taste.\",\"breadcrumb\":{\"@id\":\"https:\/\/www.oleificiobartolomei.it\/de\/monocultivar\/#breadcrumb\"},\"inLanguage\":\"de\",\"potentialAction\":[{\"@type\":\"ReadAction\",\"target\":[\"https:\/\/www.oleificiobartolomei.it\/de\/monocultivar\/\"]}]},{\"@type\":\"BreadcrumbList\",\"@id\":\"https:\/\/www.oleificiobartolomei.it\/de\/monocultivar\/#breadcrumb\",\"itemListElement\":[{\"@type\":\"ListItem\",\"position\":1,\"name\":\"Home\",\"item\":\"https:\/\/www.oleificiobartolomei.it\/de\/\"},{\"@type\":\"ListItem\",\"position\":2,\"name\":\"MONOCULTIVAR\"}]},{\"@type\":\"WebSite\",\"@id\":\"https:\/\/www.oleificiobartolomei.it\/#website\",\"url\":\"https:\/\/www.oleificiobartolomei.it\/\",\"name\":\"Frantoio Bartolomei\",\"description\":\"Il Gusto della Tradizione\",\"publisher\":{\"@id\":\"https:\/\/www.oleificiobartolomei.it\/#organization\"},\"potentialAction\":[{\"@type\":\"SearchAction\",\"target\":{\"@type\":\"EntryPoint\",\"urlTemplate\":\"https:\/\/www.oleificiobartolomei.it\/?s={search_term_string}\"},\"query-input\":\"required name=search_term_string\"}],\"inLanguage\":\"de\"},{\"@type\":\"Organization\",\"@id\":\"https:\/\/www.oleificiobartolomei.it\/#organization\",\"name\":\"Al Vecchio Frantoio Bartolomei\",\"url\":\"https:\/\/www.oleificiobartolomei.it\/\",\"logo\":{\"@type\":\"ImageObject\",\"inLanguage\":\"de\",\"@id\":\"https:\/\/www.oleificiobartolomei.it\/#\/schema\/logo\/image\/\",\"url\":\"https:\/\/oleificiobartolomei.it\/wp-content\/uploads\/2020\/03\/logo.png\",\"contentUrl\":\"https:\/\/oleificiobartolomei.it\/wp-content\/uploads\/2020\/03\/logo.png\",\"width\":304,\"height\":104,\"caption\":\"Al Vecchio Frantoio Bartolomei\"},\"image\":{\"@id\":\"https:\/\/www.oleificiobartolomei.it\/#\/schema\/logo\/image\/\"},\"sameAs\":[\"https:\/\/www.facebook.com\/frantoiobartolomei\",\"https:\/\/www.instagram.com\/alvecchiofrantoiobartolomei\/\"]}]}<\/script>\n<!-- \/ Yoast SEO plugin. -->","yoast_head_json":{"title":"Monocultivar Oil","description":"To rediscover in a drop all the character of a territoryObtained from a single variety of olives that changes every year, Monocultivar is an oil with a strong character and a unique taste.","robots":{"index":"noindex","follow":"nofollow"},"og_locale":"de_DE","og_type":"article","og_title":"Monocultivar Oil","og_description":"To rediscover in a drop all the character of a territoryObtained from a single variety of olives that changes every year, Monocultivar is an oil with a strong character and a unique taste.","og_url":"https:\/\/www.oleificiobartolomei.it\/de\/monocultivar\/","og_site_name":"Frantoio Bartolomei","article_publisher":"https:\/\/www.facebook.com\/frantoiobartolomei","article_modified_time":"2021-08-06T09:15:14+00:00","og_image":[{"url":"http:\/\/comunicogroup.dev\/Frantoio\/wp-content\/uploads\/2019\/10\/icon.png"}],"twitter_card":"summary_large_image","twitter_misc":{"Gesch\u00e4tzte Lesezeit":"3\u00a0Minuten"},"schema":{"@context":"https:\/\/schema.org","@graph":[{"@type":"WebPage","@id":"https:\/\/www.oleificiobartolomei.it\/de\/monocultivar\/","url":"https:\/\/www.oleificiobartolomei.it\/de\/monocultivar\/","name":"Monocultivar Oil","isPartOf":{"@id":"https:\/\/www.oleificiobartolomei.it\/#website"},"datePublished":"2021-07-26T15:15:22+00:00","dateModified":"2021-08-06T09:15:14+00:00","description":"To rediscover in a drop all the character of a territoryObtained from a single variety of olives that changes every year, Monocultivar is an oil with a strong character and a unique taste.","breadcrumb":{"@id":"https:\/\/www.oleificiobartolomei.it\/de\/monocultivar\/#breadcrumb"},"inLanguage":"de","potentialAction":[{"@type":"ReadAction","target":["https:\/\/www.oleificiobartolomei.it\/de\/monocultivar\/"]}]},{"@type":"BreadcrumbList","@id":"https:\/\/www.oleificiobartolomei.it\/de\/monocultivar\/#breadcrumb","itemListElement":[{"@type":"ListItem","position":1,"name":"Home","item":"https:\/\/www.oleificiobartolomei.it\/de\/"},{"@type":"ListItem","position":2,"name":"MONOCULTIVAR"}]},{"@type":"WebSite","@id":"https:\/\/www.oleificiobartolomei.it\/#website","url":"https:\/\/www.oleificiobartolomei.it\/","name":"Frantoio Bartolomei","description":"Il Gusto della Tradizione","publisher":{"@id":"https:\/\/www.oleificiobartolomei.it\/#organization"},"potentialAction":[{"@type":"SearchAction","target":{"@type":"EntryPoint","urlTemplate":"https:\/\/www.oleificiobartolomei.it\/?s={search_term_string}"},"query-input":"required name=search_term_string"}],"inLanguage":"de"},{"@type":"Organization","@id":"https:\/\/www.oleificiobartolomei.it\/#organization","name":"Al Vecchio Frantoio Bartolomei","url":"https:\/\/www.oleificiobartolomei.it\/","logo":{"@type":"ImageObject","inLanguage":"de","@id":"https:\/\/www.oleificiobartolomei.it\/#\/schema\/logo\/image\/","url":"https:\/\/oleificiobartolomei.it\/wp-content\/uploads\/2020\/03\/logo.png","contentUrl":"https:\/\/oleificiobartolomei.it\/wp-content\/uploads\/2020\/03\/logo.png","width":304,"height":104,"caption":"Al Vecchio Frantoio Bartolomei"},"image":{"@id":"https:\/\/www.oleificiobartolomei.it\/#\/schema\/logo\/image\/"},"sameAs":["https:\/\/www.facebook.com\/frantoiobartolomei","https:\/\/www.instagram.com\/alvecchiofrantoiobartolomei\/"]}]}},"_links":{"self":[{"href":"https:\/\/www.oleificiobartolomei.it\/de\/wp-json\/wp\/v2\/pages\/12343"}],"collection":[{"href":"https:\/\/www.oleificiobartolomei.it\/de\/wp-json\/wp\/v2\/pages"}],"about":[{"href":"https:\/\/www.oleificiobartolomei.it\/de\/wp-json\/wp\/v2\/types\/page"}],"author":[{"embeddable":true,"href":"https:\/\/www.oleificiobartolomei.it\/de\/wp-json\/wp\/v2\/users\/94"}],"replies":[{"embeddable":true,"href":"https:\/\/www.oleificiobartolomei.it\/de\/wp-json\/wp\/v2\/comments?post=12343"}],"version-history":[{"count":4,"href":"https:\/\/www.oleificiobartolomei.it\/de\/wp-json\/wp\/v2\/pages\/12343\/revisions"}],"predecessor-version":[{"id":12348,"href":"https:\/\/www.oleificiobartolomei.it\/de\/wp-json\/wp\/v2\/pages\/12343\/revisions\/12348"}],"wp:attachment":[{"href":"https:\/\/www.oleificiobartolomei.it\/de\/wp-json\/wp\/v2\/media?parent=12343"}],"curies":[{"name":"wp","href":"https:\/\/api.w.org\/{rel}","templated":true}]}}