


{"id":12332,"date":"2021-07-26T17:07:20","date_gmt":"2021-07-26T15:07:20","guid":{"rendered":"https:\/\/oleificiobartolomei.it\/?page_id=12332"},"modified":"2021-08-06T11:14:19","modified_gmt":"2021-08-06T09:14:19","slug":"diamante-doc","status":"publish","type":"page","link":"https:\/\/www.oleificiobartolomei.it\/de\/diamante-doc\/","title":{"rendered":"DIAMANTE DOC"},"content":{"rendered":"<p>[vc_row row_content_width=&#8221;grid&#8221; el_class=&#8221;paddingMobile2&#8243;][vc_column offset=&#8221;vc_col-lg-offset-0 vc_col-lg-5 vc_col-md-offset-0 vc_col-md-12 vc_col-sm-offset-0 vc_col-xs-12&#8243;]<div class=\"mkdf-elements-holder   mkdf-one-column  mkdf-responsive-mode-768 \" ><div class=\"mkdf-eh-item    \"  data-item-class=\"mkdf-eh-custom-4770\" data-769-1024=\"0px 0px 0px 125px\" data-681-768=\"0px 0px 0px 38px\">\n\t<div class=\"mkdf-eh-item-inner\">\n\t\t<div class=\"mkdf-eh-item-content mkdf-eh-custom-4770\" style=\"padding: 0px 0% 0px 0%\">\n\t\t\t<div class=\"mkdf-single-image-holder    \">\n    <div class=\"mkdf-si-inner\" >\n                                    <img width=\"520\" height=\"629\" src=\"https:\/\/www.oleificiobartolomei.it\/wp-content\/uploads\/2020\/11\/diamante-oil-dop-png.png\" class=\"attachment-full size-full\" alt=\"diamante oil dop png\" decoding=\"async\" srcset=\"https:\/\/www.oleificiobartolomei.it\/wp-content\/uploads\/2020\/11\/diamante-oil-dop-png.png 520w, https:\/\/www.oleificiobartolomei.it\/wp-content\/uploads\/2020\/11\/diamante-oil-dop-png-248x300.png 248w\" sizes=\"(max-width: 520px) 100vw, 520px\" \/>                        <\/div>\n<\/div>\t\t<\/div>\n\t<\/div>\n<\/div><\/div>[\/vc_column][vc_column offset=&#8221;vc_col-lg-offset-0 vc_col-lg-7 vc_col-md-offset-0 vc_col-md-12 vc_col-sm-offset-0 vc_col-xs-12&#8243;]<div class=\"mkdf-elements-holder   mkdf-one-column  mkdf-responsive-mode-768 \" ><div class=\"mkdf-eh-item    \"  data-item-class=\"mkdf-eh-custom-1238\" data-1367-1600=\"53px 0px 0px 100px\" data-1025-1366=\"37px 0px 0px 33px\" data-769-1024=\"53px 123px 22px 124px\" data-681-768=\"53px 30px 46px 37px\" data-680=\"53px 0px 40px 0px\">\n\t<div class=\"mkdf-eh-item-inner\">\n\t\t<div class=\"mkdf-eh-item-content mkdf-eh-custom-1238\" style=\"padding: 53px 0px 0px 100px\">\n\t\t\t<div class=\"mkdf-section-title-holder  mkdf-st-standard mkdf-st-title-left mkdf-st-normal-space \" >\n\t<div class=\"mkdf-st-inner\">\n\t\t\t\t\t<h2 class=\"mkdf-st-subtitle\" style=\"color: #a6934d\">\n\t\t\t\tNATIVES OLIVEN\u00d6L EXTRA G.U.B UMBRIA COLLI ORVIETANI\t\t\t<\/h2>\n\t\t\t\t\t\t\t<\/div>\n<\/div>\n[vc_empty_space height=&#8221;20px&#8221;][vc_column_text]<\/p>\n<p class=\"testoGenerale\">Der K\u00f6nig des Tellers, f\u00fcr diejenige, die Geschm\u00e4cker mit robustem Charakter lieben.<\/p>\n<p class=\"testoGenerale\">Ideal zum W\u00fcrzen von Bruschetta oder roh mit Carpaccio und Salaten, um dank des minimalen S\u00e4uregehaltes den strukturierten, sanften und ausgewogenen Geschmack voll zu genie\u00dfen.<\/p>\n<p class=\"testoGenerale\">Mit seinen fruchtigen und scharfen aber gleichzeitig s\u00fc\u00dfen Noten enth\u00e4lt das native Oliven\u00f6l extra D.O.P. Diamante den ganzen Geschmack Umbriens.<\/p>\n<p class=\"testoGenerale\">Unsere Verarbeitung verleiht dem Oliven\u00f6l Diamante einen anhaltenden Duft und einen intensiven Geschmack nach frisch gepfl\u00fcckten Oliven und ist am besten roh zu verkosten. Dank der Kaltextraktion unserer Oliven bewahrt das Diamante-\u00d6l au\u00dferdem seine ern\u00e4hrungsphysiologischen Eigenschaften bestm\u00f6glich und gew\u00e4hrleistet somit ein hohes Qualit\u00e4tsniveau.<\/p>\n<p>[\/vc_column_text][vc_empty_space height=&#8221;40px&#8221;]<a itemprop=\"url\" href=\"#scheda-tecnica-diamante\" target=\"_self\"  class=\"mkdf-btn mkdf-btn-medium mkdf-btn-simple bottoneBartolomei\"  >\n    <span class=\"mkdf-btn-text\">DATENBLATT<\/span>\n    <\/a>\t\t<\/div>\n\t<\/div>\n<\/div><\/div>[\/vc_column][\/vc_row][vc_row row_content_width=&#8221;grid&#8221; parallax_background_image=&#8221;9911&#8243;][vc_column]<div class=\"mkdf-elements-holder   mkdf-one-column  mkdf-responsive-mode-768 \" ><div class=\"mkdf-eh-item    \"  data-item-class=\"mkdf-eh-custom-3088\" data-1367-1600=\"500px 0px 0px 0px\">\n\t<div class=\"mkdf-eh-item-inner\">\n\t\t<div class=\"mkdf-eh-item-content mkdf-eh-custom-3088\" style=\"padding: 785px 0px 0px 0px\">\n\t\t\t\t\t<\/div>\n\t<\/div>\n<\/div><\/div>[\/vc_column][\/vc_row][vc_row row_content_width=&#8221;grid&#8221; el_id=&#8221;scheda-tecnica-diamante&#8221; el_class=&#8221;width-prodotti paddingMobile&#8221;][vc_column offset=&#8221;vc_col-lg-offset-2 vc_col-lg-8 vc_col-md-offset-1 vc_col-sm-offset-0 vc_col-xs-12&#8243;]<div class=\"mkdf-section-title-holder  mkdf-st-standard mkdf-st-title-left mkdf-st-normal-space \" >\n\t<div class=\"mkdf-st-inner\">\n\t\t\t\t\t<h2 class=\"mkdf-st-subtitle\" style=\"color: #a6934d\">\n\t\t\t\tERNTEJAHR: 2020\t\t\t<\/h2>\n\t\t\t\t\t\t\t<h3 style=\"display: block; margin: 30px 0 0; font-family: Bree Serif; color: #000; word-wrap: break-word; font-size: 32px; line-height: 1.375em; font-weight: 400;\" class=\"mkdf-st-title\">\n\t\t\t\tDatenblatt\t\t\t<\/h3>\n\t\t\t\t\t<\/div>\n<\/div>\n[vc_empty_space height=&#8221;50px&#8221;][vc_row_inner][vc_column_inner width=&#8221;1\/2&#8243;][vc_single_image image=&#8221;9917&#8243; img_size=&#8221;full&#8221; el_class=&#8221;displayCister&#8221;][vc_column_text]<\/p>\n<p class=\"testoGenerale\"><img decoding=\"async\" class=\"alignnone size-full wp-image-4797\" src=\"http:\/\/comunicogroup.dev\/Frantoio\/wp-content\/uploads\/2019\/10\/icon.png\" alt=\"\" width=\"30\" \/> <strong>OLIVENSORTEN:<\/strong> Moraiolo, Leccino, Frantoio<br \/>\n<strong>ERNTE:<\/strong> Manuell und mechanisch im Oktober<br \/>\n<strong>EXTRAKTIONSMETHODE:<\/strong> kaltgepresst<br \/>\n<strong>S\u00c4UREGEHALT:<\/strong> 0,26<br \/>\n<strong>PEROXIDE:<\/strong> 4,9<br \/>\n<strong>POLYPHENOLE:<\/strong> 455<br \/>\n<strong>FARBE:<\/strong> hellgr\u00fcn<br \/>\n<strong>GESCHMACK:<\/strong> Stark \u2013 bitter und scharf<br \/>\n<strong>GERUCH:<\/strong> Intensiv \u2013 fruchtig nach Oliven<br \/>\n<strong>EMPFEHLUNGEN:<\/strong> Rohkostgeeignet. Ideal zu delikaten Gerichten, die den Geschmack hervorheben.<br \/>\n<strong>PERFEKTE PAARUNGEN:<\/strong> Bruschetta, Salaten, Rostbraten, Tatar<br \/>\n<strong>BIBENDA-BEWERTUNG:<\/strong> 3 Tropfen.<br \/>\n&#8220;Gutes und sehr wertvolles \u00d6l&#8221; \u2013 IL TEMPO 08-08-2010<\/p>\n<p>[\/vc_column_text][vc_empty_space height=&#8221;40px&#8221;]<a itemprop=\"url\" href=\"https:\/\/oleificiobartolomei.it\/de\/kontaktieren-sie-uns-fuer-bestellungen\/\" target=\"_self\"  class=\"mkdf-btn mkdf-btn-medium mkdf-btn-solid bottoneBartolomei\"  >\n    <span class=\"mkdf-btn-text\">ZUM SHOP<\/span>\n    <\/a>[\/vc_column_inner][vc_column_inner width=&#8221;1\/2&#8243;][vc_single_image image=&#8221;9917&#8243; img_size=&#8221;full&#8221; el_class=&#8221;displayMobile&#8221;][\/vc_column_inner][\/vc_row_inner][\/vc_column][\/vc_row]<\/p>\n","protected":false},"excerpt":{"rendered":"<p>[vc_row row_content_width=&#8221;grid&#8221; el_class=&#8221;paddingMobile2&#8243;][vc_column offset=&#8221;vc_col-lg-offset-0 vc_col-lg-5 vc_col-md-offset-0 vc_col-md-12 vc_col-sm-offset-0 vc_col-xs-12&#8243;][\/vc_column][vc_column offset=&#8221;vc_col-lg-offset-0 vc_col-lg-7 vc_col-md-offset-0 vc_col-md-12 vc_col-sm-offset-0 vc_col-xs-12&#8243;][\/vc_column][\/vc_row][vc_row row_content_width=&#8221;grid&#8221; parallax_background_image=&#8221;9911&#8243;][vc_column][\/vc_column][\/vc_row][vc_row row_content_width=&#8221;grid&#8221; el_id=&#8221;scheda-tecnica-diamante&#8221; el_class=&#8221;width-prodotti paddingMobile&#8221;][vc_column offset=&#8221;vc_col-lg-offset-2 vc_col-lg-8 vc_col-md-offset-1 vc_col-sm-offset-0 vc_col-xs-12&#8243;][vc_empty_space height=&#8221;50px&#8221;][vc_row_inner][vc_column_inner width=&#8221;1\/2&#8243;][vc_single_image image=&#8221;9917&#8243; img_size=&#8221;full&#8221; el_class=&#8221;displayCister&#8221;][vc_column_text] OLIVENSORTEN: Moraiolo, Leccino, Frantoio ERNTE: Manuell und mechanisch im Oktober EXTRAKTIONSMETHODE: kaltgepresst S\u00c4UREGEHALT: 0,26 PEROXIDE: 4,9 POLYPHENOLE: 455 FARBE: hellgr\u00fcn GESCHMACK: Stark \u2013 bitter und scharf GERUCH: Intensiv \u2013 fruchtig nach Oliven EMPFEHLUNGEN: Rohkostgeeignet. Ideal zu delikaten Gerichten, die den Geschmack hervorheben. PERFEKTE [&hellip;]<\/p>\n","protected":false},"author":94,"featured_media":0,"parent":0,"menu_order":0,"comment_status":"closed","ping_status":"closed","template":"full-width.php","meta":{"footnotes":"","_joinchat":[]},"yoast_head":"<!-- This site is optimized with the Yoast SEO plugin v21.3 - https:\/\/yoast.com\/wordpress\/plugins\/seo\/ -->\n<title>Oil Dop Umbria Diamante<\/title>\n<meta name=\"description\" content=\"The Prince of the dish, for those who love flavours being rich in characterSuitable for bruschetta or to be used raw on carpaccios and salads, to fully enjoy its structured, balanced and always dainty taste, thanks to a minimised acidity.\" \/>\n<meta name=\"robots\" content=\"noindex, nofollow\" \/>\n<meta property=\"og:locale\" content=\"de_DE\" \/>\n<meta property=\"og:type\" content=\"article\" \/>\n<meta property=\"og:title\" content=\"Oil Dop Umbria Diamante\" \/>\n<meta property=\"og:description\" content=\"The Prince of the dish, for those who love flavours being rich in characterSuitable for bruschetta or to be used raw on carpaccios and salads, to fully enjoy its structured, balanced and always dainty taste, thanks to a minimised acidity.\" \/>\n<meta property=\"og:url\" content=\"https:\/\/www.oleificiobartolomei.it\/de\/diamante-doc\/\" \/>\n<meta property=\"og:site_name\" content=\"Frantoio Bartolomei\" \/>\n<meta property=\"article:publisher\" content=\"https:\/\/www.facebook.com\/frantoiobartolomei\" \/>\n<meta property=\"article:modified_time\" content=\"2021-08-06T09:14:19+00:00\" \/>\n<meta property=\"og:image\" content=\"http:\/\/comunicogroup.dev\/Frantoio\/wp-content\/uploads\/2019\/10\/icon.png\" \/>\n<meta name=\"twitter:card\" content=\"summary_large_image\" \/>\n<meta name=\"twitter:label1\" content=\"Gesch\u00e4tzte Lesezeit\" \/>\n\t<meta name=\"twitter:data1\" content=\"2\u00a0Minuten\" \/>\n<script type=\"application\/ld+json\" class=\"yoast-schema-graph\">{\"@context\":\"https:\/\/schema.org\",\"@graph\":[{\"@type\":\"WebPage\",\"@id\":\"https:\/\/www.oleificiobartolomei.it\/de\/diamante-doc\/\",\"url\":\"https:\/\/www.oleificiobartolomei.it\/de\/diamante-doc\/\",\"name\":\"Oil Dop Umbria Diamante\",\"isPartOf\":{\"@id\":\"https:\/\/www.oleificiobartolomei.it\/#website\"},\"datePublished\":\"2021-07-26T15:07:20+00:00\",\"dateModified\":\"2021-08-06T09:14:19+00:00\",\"description\":\"The Prince of the dish, for those who love flavours being rich in characterSuitable for bruschetta or to be used raw on carpaccios and salads, to fully enjoy its structured, balanced and always dainty taste, thanks to a minimised acidity.\",\"breadcrumb\":{\"@id\":\"https:\/\/www.oleificiobartolomei.it\/de\/diamante-doc\/#breadcrumb\"},\"inLanguage\":\"de\",\"potentialAction\":[{\"@type\":\"ReadAction\",\"target\":[\"https:\/\/www.oleificiobartolomei.it\/de\/diamante-doc\/\"]}]},{\"@type\":\"BreadcrumbList\",\"@id\":\"https:\/\/www.oleificiobartolomei.it\/de\/diamante-doc\/#breadcrumb\",\"itemListElement\":[{\"@type\":\"ListItem\",\"position\":1,\"name\":\"Home\",\"item\":\"https:\/\/www.oleificiobartolomei.it\/de\/\"},{\"@type\":\"ListItem\",\"position\":2,\"name\":\"DIAMANTE DOC\"}]},{\"@type\":\"WebSite\",\"@id\":\"https:\/\/www.oleificiobartolomei.it\/#website\",\"url\":\"https:\/\/www.oleificiobartolomei.it\/\",\"name\":\"Frantoio Bartolomei\",\"description\":\"Il Gusto della Tradizione\",\"publisher\":{\"@id\":\"https:\/\/www.oleificiobartolomei.it\/#organization\"},\"potentialAction\":[{\"@type\":\"SearchAction\",\"target\":{\"@type\":\"EntryPoint\",\"urlTemplate\":\"https:\/\/www.oleificiobartolomei.it\/?s={search_term_string}\"},\"query-input\":\"required name=search_term_string\"}],\"inLanguage\":\"de\"},{\"@type\":\"Organization\",\"@id\":\"https:\/\/www.oleificiobartolomei.it\/#organization\",\"name\":\"Al Vecchio Frantoio Bartolomei\",\"url\":\"https:\/\/www.oleificiobartolomei.it\/\",\"logo\":{\"@type\":\"ImageObject\",\"inLanguage\":\"de\",\"@id\":\"https:\/\/www.oleificiobartolomei.it\/#\/schema\/logo\/image\/\",\"url\":\"https:\/\/oleificiobartolomei.it\/wp-content\/uploads\/2020\/03\/logo.png\",\"contentUrl\":\"https:\/\/oleificiobartolomei.it\/wp-content\/uploads\/2020\/03\/logo.png\",\"width\":304,\"height\":104,\"caption\":\"Al Vecchio Frantoio Bartolomei\"},\"image\":{\"@id\":\"https:\/\/www.oleificiobartolomei.it\/#\/schema\/logo\/image\/\"},\"sameAs\":[\"https:\/\/www.facebook.com\/frantoiobartolomei\",\"https:\/\/www.instagram.com\/alvecchiofrantoiobartolomei\/\"]}]}<\/script>\n<!-- \/ Yoast SEO plugin. -->","yoast_head_json":{"title":"Oil Dop Umbria Diamante","description":"The Prince of the dish, for those who love flavours being rich in characterSuitable for bruschetta or to be used raw on carpaccios and salads, to fully enjoy its structured, balanced and always dainty taste, thanks to a minimised acidity.","robots":{"index":"noindex","follow":"nofollow"},"og_locale":"de_DE","og_type":"article","og_title":"Oil Dop Umbria Diamante","og_description":"The Prince of the dish, for those who love flavours being rich in characterSuitable for bruschetta or to be used raw on carpaccios and salads, to fully enjoy its structured, balanced and always dainty taste, thanks to a minimised acidity.","og_url":"https:\/\/www.oleificiobartolomei.it\/de\/diamante-doc\/","og_site_name":"Frantoio Bartolomei","article_publisher":"https:\/\/www.facebook.com\/frantoiobartolomei","article_modified_time":"2021-08-06T09:14:19+00:00","og_image":[{"url":"http:\/\/comunicogroup.dev\/Frantoio\/wp-content\/uploads\/2019\/10\/icon.png"}],"twitter_card":"summary_large_image","twitter_misc":{"Gesch\u00e4tzte Lesezeit":"2\u00a0Minuten"},"schema":{"@context":"https:\/\/schema.org","@graph":[{"@type":"WebPage","@id":"https:\/\/www.oleificiobartolomei.it\/de\/diamante-doc\/","url":"https:\/\/www.oleificiobartolomei.it\/de\/diamante-doc\/","name":"Oil Dop Umbria Diamante","isPartOf":{"@id":"https:\/\/www.oleificiobartolomei.it\/#website"},"datePublished":"2021-07-26T15:07:20+00:00","dateModified":"2021-08-06T09:14:19+00:00","description":"The Prince of the dish, for those who love flavours being rich in characterSuitable for bruschetta or to be used raw on carpaccios and salads, to fully enjoy its structured, balanced and always dainty taste, thanks to a minimised acidity.","breadcrumb":{"@id":"https:\/\/www.oleificiobartolomei.it\/de\/diamante-doc\/#breadcrumb"},"inLanguage":"de","potentialAction":[{"@type":"ReadAction","target":["https:\/\/www.oleificiobartolomei.it\/de\/diamante-doc\/"]}]},{"@type":"BreadcrumbList","@id":"https:\/\/www.oleificiobartolomei.it\/de\/diamante-doc\/#breadcrumb","itemListElement":[{"@type":"ListItem","position":1,"name":"Home","item":"https:\/\/www.oleificiobartolomei.it\/de\/"},{"@type":"ListItem","position":2,"name":"DIAMANTE DOC"}]},{"@type":"WebSite","@id":"https:\/\/www.oleificiobartolomei.it\/#website","url":"https:\/\/www.oleificiobartolomei.it\/","name":"Frantoio Bartolomei","description":"Il Gusto della Tradizione","publisher":{"@id":"https:\/\/www.oleificiobartolomei.it\/#organization"},"potentialAction":[{"@type":"SearchAction","target":{"@type":"EntryPoint","urlTemplate":"https:\/\/www.oleificiobartolomei.it\/?s={search_term_string}"},"query-input":"required name=search_term_string"}],"inLanguage":"de"},{"@type":"Organization","@id":"https:\/\/www.oleificiobartolomei.it\/#organization","name":"Al Vecchio Frantoio Bartolomei","url":"https:\/\/www.oleificiobartolomei.it\/","logo":{"@type":"ImageObject","inLanguage":"de","@id":"https:\/\/www.oleificiobartolomei.it\/#\/schema\/logo\/image\/","url":"https:\/\/oleificiobartolomei.it\/wp-content\/uploads\/2020\/03\/logo.png","contentUrl":"https:\/\/oleificiobartolomei.it\/wp-content\/uploads\/2020\/03\/logo.png","width":304,"height":104,"caption":"Al Vecchio Frantoio Bartolomei"},"image":{"@id":"https:\/\/www.oleificiobartolomei.it\/#\/schema\/logo\/image\/"},"sameAs":["https:\/\/www.facebook.com\/frantoiobartolomei","https:\/\/www.instagram.com\/alvecchiofrantoiobartolomei\/"]}]}},"_links":{"self":[{"href":"https:\/\/www.oleificiobartolomei.it\/de\/wp-json\/wp\/v2\/pages\/12332"}],"collection":[{"href":"https:\/\/www.oleificiobartolomei.it\/de\/wp-json\/wp\/v2\/pages"}],"about":[{"href":"https:\/\/www.oleificiobartolomei.it\/de\/wp-json\/wp\/v2\/types\/page"}],"author":[{"embeddable":true,"href":"https:\/\/www.oleificiobartolomei.it\/de\/wp-json\/wp\/v2\/users\/94"}],"replies":[{"embeddable":true,"href":"https:\/\/www.oleificiobartolomei.it\/de\/wp-json\/wp\/v2\/comments?post=12332"}],"version-history":[{"count":2,"href":"https:\/\/www.oleificiobartolomei.it\/de\/wp-json\/wp\/v2\/pages\/12332\/revisions"}],"predecessor-version":[{"id":12693,"href":"https:\/\/www.oleificiobartolomei.it\/de\/wp-json\/wp\/v2\/pages\/12332\/revisions\/12693"}],"wp:attachment":[{"href":"https:\/\/www.oleificiobartolomei.it\/de\/wp-json\/wp\/v2\/media?parent=12332"}],"curies":[{"name":"wp","href":"https:\/\/api.w.org\/{rel}","templated":true}]}}