


{"id":12325,"date":"2021-07-26T16:59:56","date_gmt":"2021-07-26T14:59:56","guid":{"rendered":"https:\/\/oleificiobartolomei.it\/?page_id=12325"},"modified":"2021-08-06T11:13:25","modified_gmt":"2021-08-06T09:13:25","slug":"das-neue-oel","status":"publish","type":"page","link":"https:\/\/www.oleificiobartolomei.it\/de\/das-neue-oel\/","title":{"rendered":"DAS NEUE \u00d6L"},"content":{"rendered":"<p>[vc_row row_content_width=&#8221;grid&#8221; el_class=&#8221;paddingMobile2&#8243;][vc_column offset=&#8221;vc_col-lg-offset-0 vc_col-lg-5 vc_col-md-offset-0 vc_col-md-12 vc_col-sm-offset-0 vc_col-xs-12&#8243;]<div class=\"mkdf-elements-holder   mkdf-one-column  mkdf-responsive-mode-768 \" ><div class=\"mkdf-eh-item    \"  data-item-class=\"mkdf-eh-custom-1945\" data-769-1024=\"0px 0px 0px 125px\" data-681-768=\"0px 0px 0px 38px\">\n\t<div class=\"mkdf-eh-item-inner\">\n\t\t<div class=\"mkdf-eh-item-content mkdf-eh-custom-1945\" style=\"padding: 0px 0% 0px 0%\">\n\t\t\t<div class=\"mkdf-single-image-holder    \">\n    <div class=\"mkdf-si-inner\" >\n                                    <img width=\"520\" height=\"629\" src=\"https:\/\/www.oleificiobartolomei.it\/wp-content\/uploads\/2020\/11\/olio-nuovo-png.png\" class=\"attachment-full size-full\" alt=\"olio-nuovo-png\" decoding=\"async\" srcset=\"https:\/\/www.oleificiobartolomei.it\/wp-content\/uploads\/2020\/11\/olio-nuovo-png.png 520w, https:\/\/www.oleificiobartolomei.it\/wp-content\/uploads\/2020\/11\/olio-nuovo-png-248x300.png 248w\" sizes=\"(max-width: 520px) 100vw, 520px\" \/>                        <\/div>\n<\/div>\t\t<\/div>\n\t<\/div>\n<\/div><\/div>[\/vc_column][vc_column offset=&#8221;vc_col-lg-offset-0 vc_col-lg-7 vc_col-md-offset-0 vc_col-md-12 vc_col-sm-offset-0 vc_col-xs-12&#8243;]<div class=\"mkdf-elements-holder   mkdf-one-column  mkdf-responsive-mode-768 \" ><div class=\"mkdf-eh-item    \"  data-item-class=\"mkdf-eh-custom-1925\" data-1367-1600=\"53px 0px 0px 100px\" data-1025-1366=\"37px 0px 0px 33px\" data-769-1024=\"53px 123px 22px 124px\" data-681-768=\"53px 30px 46px 37px\" data-680=\"53px 0px 40px 0px\">\n\t<div class=\"mkdf-eh-item-inner\">\n\t\t<div class=\"mkdf-eh-item-content mkdf-eh-custom-1925\" style=\"padding: 53px 0px 0px 100px\">\n\t\t\t<div class=\"mkdf-section-title-holder  mkdf-st-standard mkdf-st-title-left mkdf-st-normal-space \" >\n\t<div class=\"mkdf-st-inner\">\n\t\t\t\t\t<h2 class=\"mkdf-st-subtitle\" style=\"color: #a6934d\">\n\t\t\t\tNATIVES OLIVEN\u00d6L EXTRA NOVELLO NEUES \u00d6L (frisch gepresst)\t\t\t<\/h2>\n\t\t\t\t\t\t\t<\/div>\n<\/div>\n[vc_empty_space height=&#8221;20px&#8221;][vc_column_text]<\/p>\n<p class=\"testoGenerale\">Lieber roh verwenden, mit schlichten und wenig elaborierten Gerichten wie Suppen und rohen Gem\u00fcsen oder klassischer Bruschetta, um den lebendigen Geschmack voll zu genie\u00dfen.<\/p>\n<p class=\"testoGenerale\">Da entsteht das Gef\u00fchl, die Fr\u00fcchte einer einj\u00e4hrigen Arbeit zu kosten, die gleich nach der Pressung in Flaschen abgef\u00fcllt ist.<\/p>\n<p class=\"testoGenerale\">Um seine ganze Lebhaftigkeit und seine Eigenschaften zu behalten, ist das neue \u00d6l dickfl\u00fcssig und riecht nach frischem Gras und gerade gepressten Oliven. Es zeichnet sich am Tisch durch seine gr\u00fcnen und w\u00fcrzigen Ankl\u00e4nge und durch einen leicht herben und scharfen Beigeschmack aus.<\/p>\n<p>[\/vc_column_text][vc_empty_space height=&#8221;40px&#8221;]<a itemprop=\"url\" href=\"#scheda-tecnica-new-oil\" target=\"_self\"  class=\"mkdf-btn mkdf-btn-medium mkdf-btn-simple bottoneBartolomei\"  >\n    <span class=\"mkdf-btn-text\">DATENBLATT<\/span>\n    <\/a>\t\t<\/div>\n\t<\/div>\n<\/div><\/div>[\/vc_column][\/vc_row][vc_row row_content_width=&#8221;grid&#8221; parallax_background_image=&#8221;9968&#8243;][vc_column]<div class=\"mkdf-elements-holder   mkdf-one-column  mkdf-responsive-mode-768 \" ><div class=\"mkdf-eh-item    \"  data-item-class=\"mkdf-eh-custom-4895\" data-1367-1600=\"500px 0px 0px 0px\">\n\t<div class=\"mkdf-eh-item-inner\">\n\t\t<div class=\"mkdf-eh-item-content mkdf-eh-custom-4895\" style=\"padding: 785px 0px 0px 0px\">\n\t\t\t\t\t<\/div>\n\t<\/div>\n<\/div><\/div>[\/vc_column][\/vc_row][vc_row row_content_width=&#8221;grid&#8221; el_id=&#8221;scheda-tecnica-new-oil&#8221; el_class=&#8221;width-prodotti paddingMobile&#8221;][vc_column offset=&#8221;vc_col-lg-offset-2 vc_col-lg-8 vc_col-md-offset-1 vc_col-sm-offset-0 vc_col-xs-12&#8243;]<div class=\"mkdf-section-title-holder  mkdf-st-standard mkdf-st-title-left mkdf-st-normal-space \" >\n\t<div class=\"mkdf-st-inner\">\n\t\t\t\t\t<h2 class=\"mkdf-st-subtitle\" style=\"color: #a6934d\">\n\t\t\t\tERNTEJAHR 2020\t\t\t<\/h2>\n\t\t\t\t\t\t\t<h3 style=\"display: block; margin: 30px 0 0; font-family: Bree Serif; color: #000; word-wrap: break-word; font-size: 32px; line-height: 1.375em; font-weight: 400;\" class=\"mkdf-st-title\">\n\t\t\t\tDatenblatt\t\t\t<\/h3>\n\t\t\t\t\t<\/div>\n<\/div>\n[vc_empty_space height=&#8221;50px&#8221;][vc_row_inner][vc_column_inner width=&#8221;1\/2&#8243;][vc_single_image image=&#8221;9951&#8243; img_size=&#8221;full&#8221; el_class=&#8221;displayCister&#8221;][vc_column_text]<\/p>\n<p class=\"testoGenerale\"><img decoding=\"async\" class=\"alignnone size-full wp-image-4797\" src=\"http:\/\/comunicogroup.dev\/Frantoio\/wp-content\/uploads\/2019\/10\/icon.png\" alt=\"\" width=\"30\" \/> <strong>OLIVENSORTEN:<\/strong> fr\u00fchreife Sorten, Pendolino, Leccino, Frantoio<br \/>\n<strong>ERNTE:<\/strong> Anfang Oktober<br \/>\n<strong>EXTRAKTIONSMETHODE:<\/strong> kaltgepresst<br \/>\n<strong>S\u00c4UREGEHALT:<\/strong> 0,29<br \/>\n<strong>PEROXIDE:<\/strong> 7,5<br \/>\n<strong>FARBE:<\/strong> intensives gr\u00fcn<br \/>\n<strong>GESCHMACK:<\/strong> ausgewogen \u2013 Artischockennuancen<br \/>\n<strong>GERUCH:<\/strong> kr\u00e4ftig \u2013fruchtig vom frisch geschnittenen Gras<br \/>\n<strong>EMPFEHLUNGEN:<\/strong> roh verwenden mit Bruschetta oder Rostbraten<br \/>\n<strong>PERFEKTE KOMPOSITION:<\/strong> Bruschetta, H\u00fclsenfruchtsuppen<\/p>\n<p>[\/vc_column_text][vc_empty_space height=&#8221;40px&#8221;]<a itemprop=\"url\" href=\"https:\/\/oleificiobartolomei.it\/de\/kontaktieren-sie-uns-fuer-bestellungen\/\" target=\"_self\"  class=\"mkdf-btn mkdf-btn-medium mkdf-btn-solid bottoneBartolomei\"  >\n    <span class=\"mkdf-btn-text\">ZUM SHOP<\/span>\n    <\/a>[\/vc_column_inner][vc_column_inner width=&#8221;1\/2&#8243;][vc_single_image image=&#8221;9951&#8243; img_size=&#8221;full&#8221; el_class=&#8221;displayMobile&#8221;][\/vc_column_inner][\/vc_row_inner][\/vc_column][\/vc_row]<\/p>\n","protected":false},"excerpt":{"rendered":"<p>[vc_row row_content_width=&#8221;grid&#8221; el_class=&#8221;paddingMobile2&#8243;][vc_column offset=&#8221;vc_col-lg-offset-0 vc_col-lg-5 vc_col-md-offset-0 vc_col-md-12 vc_col-sm-offset-0 vc_col-xs-12&#8243;][\/vc_column][vc_column offset=&#8221;vc_col-lg-offset-0 vc_col-lg-7 vc_col-md-offset-0 vc_col-md-12 vc_col-sm-offset-0 vc_col-xs-12&#8243;][\/vc_column][\/vc_row][vc_row row_content_width=&#8221;grid&#8221; parallax_background_image=&#8221;9968&#8243;][vc_column][\/vc_column][\/vc_row][vc_row row_content_width=&#8221;grid&#8221; el_id=&#8221;scheda-tecnica-new-oil&#8221; el_class=&#8221;width-prodotti paddingMobile&#8221;][vc_column offset=&#8221;vc_col-lg-offset-2 vc_col-lg-8 vc_col-md-offset-1 vc_col-sm-offset-0 vc_col-xs-12&#8243;][vc_empty_space height=&#8221;50px&#8221;][vc_row_inner][vc_column_inner width=&#8221;1\/2&#8243;][vc_single_image image=&#8221;9951&#8243; img_size=&#8221;full&#8221; el_class=&#8221;displayCister&#8221;][vc_column_text] OLIVENSORTEN: fr\u00fchreife Sorten, Pendolino, Leccino, Frantoio ERNTE: Anfang Oktober EXTRAKTIONSMETHODE: kaltgepresst S\u00c4UREGEHALT: 0,29 PEROXIDE: 7,5 FARBE: intensives gr\u00fcn GESCHMACK: ausgewogen \u2013 Artischockennuancen GERUCH: kr\u00e4ftig \u2013fruchtig vom frisch geschnittenen Gras EMPFEHLUNGEN: roh verwenden mit Bruschetta oder Rostbraten PERFEKTE KOMPOSITION: Bruschetta, H\u00fclsenfruchtsuppen [\/vc_column_text][vc_empty_space height=&#8221;40px&#8221;][\/vc_column_inner][vc_column_inner width=&#8221;1\/2&#8243;][vc_single_image [&hellip;]<\/p>\n","protected":false},"author":94,"featured_media":0,"parent":0,"menu_order":0,"comment_status":"closed","ping_status":"closed","template":"full-width.php","meta":{"footnotes":"","_joinchat":[]},"yoast_head":"<!-- This site is optimized with the Yoast SEO plugin v21.3 - https:\/\/yoast.com\/wordpress\/plugins\/seo\/ -->\n<title>New oil<\/title>\n<meta name=\"description\" content=\"Recommended raw, on simple and not very elaborate dishes such as soups and raw vegetables, or on the classic bruschetta, to fully enjoy its lively taste.\" \/>\n<meta name=\"robots\" content=\"noindex, nofollow\" \/>\n<meta property=\"og:locale\" content=\"de_DE\" \/>\n<meta property=\"og:type\" content=\"article\" \/>\n<meta property=\"og:title\" content=\"New oil\" \/>\n<meta property=\"og:description\" content=\"Recommended raw, on simple and not very elaborate dishes such as soups and raw vegetables, or on the classic bruschetta, to fully enjoy its lively taste.\" \/>\n<meta property=\"og:url\" content=\"https:\/\/www.oleificiobartolomei.it\/de\/das-neue-oel\/\" \/>\n<meta property=\"og:site_name\" content=\"Frantoio Bartolomei\" \/>\n<meta property=\"article:publisher\" content=\"https:\/\/www.facebook.com\/frantoiobartolomei\" \/>\n<meta property=\"article:modified_time\" content=\"2021-08-06T09:13:25+00:00\" \/>\n<meta property=\"og:image\" content=\"http:\/\/comunicogroup.dev\/Frantoio\/wp-content\/uploads\/2019\/10\/icon.png\" \/>\n<meta name=\"twitter:card\" content=\"summary_large_image\" \/>\n<meta name=\"twitter:label1\" content=\"Gesch\u00e4tzte Lesezeit\" \/>\n\t<meta name=\"twitter:data1\" content=\"2\u00a0Minuten\" \/>\n<script type=\"application\/ld+json\" class=\"yoast-schema-graph\">{\"@context\":\"https:\/\/schema.org\",\"@graph\":[{\"@type\":\"WebPage\",\"@id\":\"https:\/\/www.oleificiobartolomei.it\/de\/das-neue-oel\/\",\"url\":\"https:\/\/www.oleificiobartolomei.it\/de\/das-neue-oel\/\",\"name\":\"New oil\",\"isPartOf\":{\"@id\":\"https:\/\/www.oleificiobartolomei.it\/#website\"},\"datePublished\":\"2021-07-26T14:59:56+00:00\",\"dateModified\":\"2021-08-06T09:13:25+00:00\",\"description\":\"Recommended raw, on simple and not very elaborate dishes such as soups and raw vegetables, or on the classic bruschetta, to fully enjoy its lively taste.\",\"breadcrumb\":{\"@id\":\"https:\/\/www.oleificiobartolomei.it\/de\/das-neue-oel\/#breadcrumb\"},\"inLanguage\":\"de\",\"potentialAction\":[{\"@type\":\"ReadAction\",\"target\":[\"https:\/\/www.oleificiobartolomei.it\/de\/das-neue-oel\/\"]}]},{\"@type\":\"BreadcrumbList\",\"@id\":\"https:\/\/www.oleificiobartolomei.it\/de\/das-neue-oel\/#breadcrumb\",\"itemListElement\":[{\"@type\":\"ListItem\",\"position\":1,\"name\":\"Home\",\"item\":\"https:\/\/www.oleificiobartolomei.it\/de\/\"},{\"@type\":\"ListItem\",\"position\":2,\"name\":\"DAS NEUE \u00d6L\"}]},{\"@type\":\"WebSite\",\"@id\":\"https:\/\/www.oleificiobartolomei.it\/#website\",\"url\":\"https:\/\/www.oleificiobartolomei.it\/\",\"name\":\"Frantoio Bartolomei\",\"description\":\"Il Gusto della Tradizione\",\"publisher\":{\"@id\":\"https:\/\/www.oleificiobartolomei.it\/#organization\"},\"potentialAction\":[{\"@type\":\"SearchAction\",\"target\":{\"@type\":\"EntryPoint\",\"urlTemplate\":\"https:\/\/www.oleificiobartolomei.it\/?s={search_term_string}\"},\"query-input\":\"required name=search_term_string\"}],\"inLanguage\":\"de\"},{\"@type\":\"Organization\",\"@id\":\"https:\/\/www.oleificiobartolomei.it\/#organization\",\"name\":\"Al Vecchio Frantoio Bartolomei\",\"url\":\"https:\/\/www.oleificiobartolomei.it\/\",\"logo\":{\"@type\":\"ImageObject\",\"inLanguage\":\"de\",\"@id\":\"https:\/\/www.oleificiobartolomei.it\/#\/schema\/logo\/image\/\",\"url\":\"https:\/\/oleificiobartolomei.it\/wp-content\/uploads\/2020\/03\/logo.png\",\"contentUrl\":\"https:\/\/oleificiobartolomei.it\/wp-content\/uploads\/2020\/03\/logo.png\",\"width\":304,\"height\":104,\"caption\":\"Al Vecchio Frantoio Bartolomei\"},\"image\":{\"@id\":\"https:\/\/www.oleificiobartolomei.it\/#\/schema\/logo\/image\/\"},\"sameAs\":[\"https:\/\/www.facebook.com\/frantoiobartolomei\",\"https:\/\/www.instagram.com\/alvecchiofrantoiobartolomei\/\"]}]}<\/script>\n<!-- \/ Yoast SEO plugin. -->","yoast_head_json":{"title":"New oil","description":"Recommended raw, on simple and not very elaborate dishes such as soups and raw vegetables, or on the classic bruschetta, to fully enjoy its lively taste.","robots":{"index":"noindex","follow":"nofollow"},"og_locale":"de_DE","og_type":"article","og_title":"New oil","og_description":"Recommended raw, on simple and not very elaborate dishes such as soups and raw vegetables, or on the classic bruschetta, to fully enjoy its lively taste.","og_url":"https:\/\/www.oleificiobartolomei.it\/de\/das-neue-oel\/","og_site_name":"Frantoio Bartolomei","article_publisher":"https:\/\/www.facebook.com\/frantoiobartolomei","article_modified_time":"2021-08-06T09:13:25+00:00","og_image":[{"url":"http:\/\/comunicogroup.dev\/Frantoio\/wp-content\/uploads\/2019\/10\/icon.png"}],"twitter_card":"summary_large_image","twitter_misc":{"Gesch\u00e4tzte Lesezeit":"2\u00a0Minuten"},"schema":{"@context":"https:\/\/schema.org","@graph":[{"@type":"WebPage","@id":"https:\/\/www.oleificiobartolomei.it\/de\/das-neue-oel\/","url":"https:\/\/www.oleificiobartolomei.it\/de\/das-neue-oel\/","name":"New oil","isPartOf":{"@id":"https:\/\/www.oleificiobartolomei.it\/#website"},"datePublished":"2021-07-26T14:59:56+00:00","dateModified":"2021-08-06T09:13:25+00:00","description":"Recommended raw, on simple and not very elaborate dishes such as soups and raw vegetables, or on the classic bruschetta, to fully enjoy its lively taste.","breadcrumb":{"@id":"https:\/\/www.oleificiobartolomei.it\/de\/das-neue-oel\/#breadcrumb"},"inLanguage":"de","potentialAction":[{"@type":"ReadAction","target":["https:\/\/www.oleificiobartolomei.it\/de\/das-neue-oel\/"]}]},{"@type":"BreadcrumbList","@id":"https:\/\/www.oleificiobartolomei.it\/de\/das-neue-oel\/#breadcrumb","itemListElement":[{"@type":"ListItem","position":1,"name":"Home","item":"https:\/\/www.oleificiobartolomei.it\/de\/"},{"@type":"ListItem","position":2,"name":"DAS NEUE \u00d6L"}]},{"@type":"WebSite","@id":"https:\/\/www.oleificiobartolomei.it\/#website","url":"https:\/\/www.oleificiobartolomei.it\/","name":"Frantoio Bartolomei","description":"Il Gusto della Tradizione","publisher":{"@id":"https:\/\/www.oleificiobartolomei.it\/#organization"},"potentialAction":[{"@type":"SearchAction","target":{"@type":"EntryPoint","urlTemplate":"https:\/\/www.oleificiobartolomei.it\/?s={search_term_string}"},"query-input":"required name=search_term_string"}],"inLanguage":"de"},{"@type":"Organization","@id":"https:\/\/www.oleificiobartolomei.it\/#organization","name":"Al Vecchio Frantoio Bartolomei","url":"https:\/\/www.oleificiobartolomei.it\/","logo":{"@type":"ImageObject","inLanguage":"de","@id":"https:\/\/www.oleificiobartolomei.it\/#\/schema\/logo\/image\/","url":"https:\/\/oleificiobartolomei.it\/wp-content\/uploads\/2020\/03\/logo.png","contentUrl":"https:\/\/oleificiobartolomei.it\/wp-content\/uploads\/2020\/03\/logo.png","width":304,"height":104,"caption":"Al Vecchio Frantoio Bartolomei"},"image":{"@id":"https:\/\/www.oleificiobartolomei.it\/#\/schema\/logo\/image\/"},"sameAs":["https:\/\/www.facebook.com\/frantoiobartolomei","https:\/\/www.instagram.com\/alvecchiofrantoiobartolomei\/"]}]}},"_links":{"self":[{"href":"https:\/\/www.oleificiobartolomei.it\/de\/wp-json\/wp\/v2\/pages\/12325"}],"collection":[{"href":"https:\/\/www.oleificiobartolomei.it\/de\/wp-json\/wp\/v2\/pages"}],"about":[{"href":"https:\/\/www.oleificiobartolomei.it\/de\/wp-json\/wp\/v2\/types\/page"}],"author":[{"embeddable":true,"href":"https:\/\/www.oleificiobartolomei.it\/de\/wp-json\/wp\/v2\/users\/94"}],"replies":[{"embeddable":true,"href":"https:\/\/www.oleificiobartolomei.it\/de\/wp-json\/wp\/v2\/comments?post=12325"}],"version-history":[{"count":4,"href":"https:\/\/www.oleificiobartolomei.it\/de\/wp-json\/wp\/v2\/pages\/12325\/revisions"}],"predecessor-version":[{"id":12692,"href":"https:\/\/www.oleificiobartolomei.it\/de\/wp-json\/wp\/v2\/pages\/12325\/revisions\/12692"}],"wp:attachment":[{"href":"https:\/\/www.oleificiobartolomei.it\/de\/wp-json\/wp\/v2\/media?parent=12325"}],"curies":[{"name":"wp","href":"https:\/\/api.w.org\/{rel}","templated":true}]}}