


{"id":12275,"date":"2021-07-26T14:54:26","date_gmt":"2021-07-26T12:54:26","guid":{"rendered":"https:\/\/oleificiobartolomei.it\/?page_id=12275"},"modified":"2023-07-31T16:02:30","modified_gmt":"2023-07-31T14:02:30","slug":"restaurant-und-oelladen-in-orvieto","status":"publish","type":"page","link":"https:\/\/www.oleificiobartolomei.it\/de\/restaurant-und-oelladen-in-orvieto\/","title":{"rendered":"RESTAURANT UND \u00d6LLADEN IN ORVIETO"},"content":{"rendered":"<p>[vc_row][vc_column][vc_single_image image=&#8221;19778&#8243; img_size=&#8221;full&#8221; alignment=&#8221;center&#8221;][\/vc_column][\/vc_row][vc_row row_content_width=&#8221;grid&#8221;][vc_column width=&#8221;2\/3&#8243;]<div class=\"mkdf-section-title-holder  mkdf-st-standard mkdf-st-title-left mkdf-st-normal-space \" >\n\t<div class=\"mkdf-st-inner\">\n\t\t\t\t\t<h2 class=\"mkdf-st-subtitle\" style=\"color: #a6934d\">\n\t\t\t\tVom Hersteller zum Verbraucher\t\t\t<\/h2>\n\t\t\t\t\t\t\t<\/div>\n<\/div>\n[vc_column_text]<\/p>\n<h2>Besuchen Sie unser Restaurant und den Laden in Orvieto<\/h2>\n<p>Im Herzen der Altstadt von Orvieto entstand 2014 die Oleoteca Bartolomei. Nur einen Steinwurf vom Dom entfernt, empf\u00e4ngt Sie die Oleoteca mit einem einfachen Men\u00fc, das aus traditionellen und b\u00e4uerlichen Rezepten besteht. Das wird durch den Geschmack unserer \u00d6le bereichert und das Ganze auf einem Tisch aus einer alten Steinm\u00fchle genossen.[\/vc_column_text][vc_empty_space height=&#8221;40px&#8221;][vc_column_text]Die Oleoteca ist viel mehr als ein Restaurant mit Produkten aus der eigenen Region: sie ist ein echter Treffpunkt, an dem man die Kultur des \u00d6ls dank Themenverkostungen und Kursen gemeinsam erleben und verbreiten kann. Und wenn Sie den authentischen und unverf\u00e4lschten Geschmack von Frantoio Bartolomei mit nach Hause nehmen wollen, vergessen Sie nicht, unseren Shop zu besuchen, um ihr Lieblings-EVO-\u00d6L und -Produkte auszuw\u00e4hlen.[\/vc_column_text][\/vc_column][vc_column width=&#8221;1\/3&#8243;][vc_empty_space height=&#8221;150px&#8221;][vc_single_image image=&#8221;9155&#8243; img_size=&#8221;full&#8221;][vc_empty_space height=&#8221;30px&#8221;]<a itemprop=\"url\" href=\"https:\/\/oleoteca.oleificiobartolomei.it\/\" target=\"_blank\"  class=\"mkdf-btn mkdf-btn-huge mkdf-btn-solid bottoneBartolomei\"  >\n    <span class=\"mkdf-btn-text\">Entdecke die oleoteca<\/span>\n    <\/a>[\/vc_column][vc_column][vc_column_text]G\u00f6nnen Sie sich das Vergn\u00fcgen, die echten Aromen unserer Region zu probieren. Eine Reihe von Produkten wie Fleisch, Salami, K\u00e4se, H\u00fclsenfr\u00fcchte werden in Umbrien produziert. Das \u00d6l, der Wein und andere Produkte kommen direkt aus unserem Unternehmen.<br \/>\nBegleiten Sie Ihren Besuch in Orvieto mit einem Mittag- oder Abendessen in unserem Restaurant.[\/vc_column_text][vc_empty_space height=&#8221;40px&#8221;][\/vc_column][\/vc_row][vc_row css=&#8221;.vc_custom_1600092192709{border-bottom-width: 2px !important;border-bottom-style: solid !important;}&#8221;][vc_column][vc_empty_space height=&#8221;40px&#8221;][vc_masonry_media_grid style=&#8221;lazy&#8221; element_width=&#8221;2&#8243; gap=&#8221;10&#8243; initial_loading_animation=&#8221;fadeIn&#8221; grid_id=&#8221;vc_gid:1690811736665-13c6c414-b76a-7&#8243; include=&#8221;6460,19833,19830,12369,19838,19842,19846,19850,19854,19581&#8243;][\/vc_column][\/vc_row]<\/p>\n","protected":false},"excerpt":{"rendered":"<p>[vc_row][vc_column][vc_single_image image=&#8221;19778&#8243; img_size=&#8221;full&#8221; alignment=&#8221;center&#8221;][\/vc_column][\/vc_row][vc_row row_content_width=&#8221;grid&#8221;][vc_column width=&#8221;2\/3&#8243;][vc_column_text] Besuchen Sie unser Restaurant und den Laden in Orvieto Im Herzen der Altstadt von Orvieto entstand 2014 die Oleoteca Bartolomei. Nur einen Steinwurf vom Dom entfernt, empf\u00e4ngt Sie die Oleoteca mit einem einfachen Men\u00fc, das aus traditionellen und b\u00e4uerlichen Rezepten besteht. Das wird durch den Geschmack unserer \u00d6le bereichert und das Ganze auf einem Tisch aus einer alten Steinm\u00fchle genossen.[\/vc_column_text][vc_empty_space height=&#8221;40px&#8221;][vc_column_text]Die Oleoteca ist viel mehr als ein Restaurant [&hellip;]<\/p>\n","protected":false},"author":94,"featured_media":12289,"parent":0,"menu_order":0,"comment_status":"closed","ping_status":"closed","template":"full-width.php","meta":{"footnotes":"","_joinchat":[]},"yoast_head":"<!-- This site is optimized with the Yoast SEO plugin v21.3 - https:\/\/yoast.com\/wordpress\/plugins\/seo\/ -->\n<title>Restaurant and Oleoteca in Orvieto<\/title>\n<meta name=\"description\" content=\"Scopri i sapori della tradizione Umbra nel nostro ristorante oleoteca a Orvieto, siamo in centro a soli due passi dal Duomo e dalla Torre del Moro. Ristorante a km0\" \/>\n<meta name=\"robots\" content=\"index, follow, max-snippet:-1, max-image-preview:large, max-video-preview:-1\" \/>\n<link rel=\"canonical\" href=\"https:\/\/www.oleificiobartolomei.it\/oleoteca\/\" \/>\n<meta property=\"og:locale\" content=\"de_DE\" \/>\n<meta property=\"og:type\" content=\"article\" \/>\n<meta property=\"og:title\" content=\"Restaurant and Oleoteca in Orvieto\" \/>\n<meta property=\"og:description\" content=\"Scopri i sapori della tradizione Umbra nel nostro ristorante oleoteca a Orvieto, siamo in centro a soli due passi dal Duomo e dalla Torre del Moro. Ristorante a km0\" \/>\n<meta property=\"og:url\" content=\"https:\/\/www.oleificiobartolomei.it\/oleoteca\/\" \/>\n<meta property=\"og:site_name\" content=\"Frantoio Bartolomei\" \/>\n<meta property=\"article:publisher\" content=\"https:\/\/www.facebook.com\/frantoiobartolomei\" \/>\n<meta property=\"article:modified_time\" content=\"2023-07-31T14:02:30+00:00\" \/>\n<meta property=\"og:image\" content=\"https:\/\/www.oleificiobartolomei.it\/wp-content\/uploads\/2020\/01\/slider-6.jpg\" \/>\n\t<meta property=\"og:image:width\" content=\"1920\" \/>\n\t<meta property=\"og:image:height\" content=\"1080\" \/>\n\t<meta property=\"og:image:type\" content=\"image\/jpeg\" \/>\n<meta name=\"twitter:card\" content=\"summary_large_image\" \/>\n<meta name=\"twitter:label1\" content=\"Gesch\u00e4tzte Lesezeit\" \/>\n\t<meta name=\"twitter:data1\" content=\"1\u00a0Minute\" \/>\n<script type=\"application\/ld+json\" class=\"yoast-schema-graph\">{\"@context\":\"https:\/\/schema.org\",\"@graph\":[{\"@type\":\"WebPage\",\"@id\":\"https:\/\/www.oleificiobartolomei.it\/oleoteca\/\",\"url\":\"https:\/\/www.oleificiobartolomei.it\/oleoteca\/\",\"name\":\"Restaurant and Oleoteca in Orvieto\",\"isPartOf\":{\"@id\":\"https:\/\/www.oleificiobartolomei.it\/#website\"},\"datePublished\":\"2021-07-26T12:54:26+00:00\",\"dateModified\":\"2023-07-31T14:02:30+00:00\",\"description\":\"Scopri i sapori della tradizione Umbra nel nostro ristorante oleoteca a Orvieto, siamo in centro a soli due passi dal Duomo e dalla Torre del Moro. Ristorante a km0\",\"breadcrumb\":{\"@id\":\"https:\/\/www.oleificiobartolomei.it\/oleoteca\/#breadcrumb\"},\"inLanguage\":\"de\",\"potentialAction\":[{\"@type\":\"ReadAction\",\"target\":[\"https:\/\/www.oleificiobartolomei.it\/oleoteca\/\"]}]},{\"@type\":\"BreadcrumbList\",\"@id\":\"https:\/\/www.oleificiobartolomei.it\/oleoteca\/#breadcrumb\",\"itemListElement\":[{\"@type\":\"ListItem\",\"position\":1,\"name\":\"Home\",\"item\":\"https:\/\/www.oleificiobartolomei.it\/de\/\"},{\"@type\":\"ListItem\",\"position\":2,\"name\":\"RESTAURANT UND \u00d6LLADEN IN ORVIETO\"}]},{\"@type\":\"WebSite\",\"@id\":\"https:\/\/www.oleificiobartolomei.it\/#website\",\"url\":\"https:\/\/www.oleificiobartolomei.it\/\",\"name\":\"Frantoio Bartolomei\",\"description\":\"Il Gusto della Tradizione\",\"publisher\":{\"@id\":\"https:\/\/www.oleificiobartolomei.it\/#organization\"},\"potentialAction\":[{\"@type\":\"SearchAction\",\"target\":{\"@type\":\"EntryPoint\",\"urlTemplate\":\"https:\/\/www.oleificiobartolomei.it\/?s={search_term_string}\"},\"query-input\":\"required name=search_term_string\"}],\"inLanguage\":\"de\"},{\"@type\":\"Organization\",\"@id\":\"https:\/\/www.oleificiobartolomei.it\/#organization\",\"name\":\"Al Vecchio Frantoio Bartolomei\",\"url\":\"https:\/\/www.oleificiobartolomei.it\/\",\"logo\":{\"@type\":\"ImageObject\",\"inLanguage\":\"de\",\"@id\":\"https:\/\/www.oleificiobartolomei.it\/#\/schema\/logo\/image\/\",\"url\":\"https:\/\/oleificiobartolomei.it\/wp-content\/uploads\/2020\/03\/logo.png\",\"contentUrl\":\"https:\/\/oleificiobartolomei.it\/wp-content\/uploads\/2020\/03\/logo.png\",\"width\":304,\"height\":104,\"caption\":\"Al Vecchio Frantoio Bartolomei\"},\"image\":{\"@id\":\"https:\/\/www.oleificiobartolomei.it\/#\/schema\/logo\/image\/\"},\"sameAs\":[\"https:\/\/www.facebook.com\/frantoiobartolomei\",\"https:\/\/www.instagram.com\/alvecchiofrantoiobartolomei\/\"]}]}<\/script>\n<!-- \/ Yoast SEO plugin. -->","yoast_head_json":{"title":"Restaurant and Oleoteca in Orvieto","description":"Scopri i sapori della tradizione Umbra nel nostro ristorante oleoteca a Orvieto, siamo in centro a soli due passi dal Duomo e dalla Torre del Moro. Ristorante a km0","robots":{"index":"index","follow":"follow","max-snippet":"max-snippet:-1","max-image-preview":"max-image-preview:large","max-video-preview":"max-video-preview:-1"},"canonical":"https:\/\/www.oleificiobartolomei.it\/oleoteca\/","og_locale":"de_DE","og_type":"article","og_title":"Restaurant and Oleoteca in Orvieto","og_description":"Scopri i sapori della tradizione Umbra nel nostro ristorante oleoteca a Orvieto, siamo in centro a soli due passi dal Duomo e dalla Torre del Moro. Ristorante a km0","og_url":"https:\/\/www.oleificiobartolomei.it\/oleoteca\/","og_site_name":"Frantoio Bartolomei","article_publisher":"https:\/\/www.facebook.com\/frantoiobartolomei","article_modified_time":"2023-07-31T14:02:30+00:00","og_image":[{"width":1920,"height":1080,"url":"https:\/\/www.oleificiobartolomei.it\/wp-content\/uploads\/2020\/01\/slider-6.jpg","type":"image\/jpeg"}],"twitter_card":"summary_large_image","twitter_misc":{"Gesch\u00e4tzte Lesezeit":"1\u00a0Minute"},"schema":{"@context":"https:\/\/schema.org","@graph":[{"@type":"WebPage","@id":"https:\/\/www.oleificiobartolomei.it\/oleoteca\/","url":"https:\/\/www.oleificiobartolomei.it\/oleoteca\/","name":"Restaurant and Oleoteca in Orvieto","isPartOf":{"@id":"https:\/\/www.oleificiobartolomei.it\/#website"},"datePublished":"2021-07-26T12:54:26+00:00","dateModified":"2023-07-31T14:02:30+00:00","description":"Scopri i sapori della tradizione Umbra nel nostro ristorante oleoteca a Orvieto, siamo in centro a soli due passi dal Duomo e dalla Torre del Moro. Ristorante a km0","breadcrumb":{"@id":"https:\/\/www.oleificiobartolomei.it\/oleoteca\/#breadcrumb"},"inLanguage":"de","potentialAction":[{"@type":"ReadAction","target":["https:\/\/www.oleificiobartolomei.it\/oleoteca\/"]}]},{"@type":"BreadcrumbList","@id":"https:\/\/www.oleificiobartolomei.it\/oleoteca\/#breadcrumb","itemListElement":[{"@type":"ListItem","position":1,"name":"Home","item":"https:\/\/www.oleificiobartolomei.it\/de\/"},{"@type":"ListItem","position":2,"name":"RESTAURANT UND \u00d6LLADEN IN ORVIETO"}]},{"@type":"WebSite","@id":"https:\/\/www.oleificiobartolomei.it\/#website","url":"https:\/\/www.oleificiobartolomei.it\/","name":"Frantoio Bartolomei","description":"Il Gusto della Tradizione","publisher":{"@id":"https:\/\/www.oleificiobartolomei.it\/#organization"},"potentialAction":[{"@type":"SearchAction","target":{"@type":"EntryPoint","urlTemplate":"https:\/\/www.oleificiobartolomei.it\/?s={search_term_string}"},"query-input":"required name=search_term_string"}],"inLanguage":"de"},{"@type":"Organization","@id":"https:\/\/www.oleificiobartolomei.it\/#organization","name":"Al Vecchio Frantoio Bartolomei","url":"https:\/\/www.oleificiobartolomei.it\/","logo":{"@type":"ImageObject","inLanguage":"de","@id":"https:\/\/www.oleificiobartolomei.it\/#\/schema\/logo\/image\/","url":"https:\/\/oleificiobartolomei.it\/wp-content\/uploads\/2020\/03\/logo.png","contentUrl":"https:\/\/oleificiobartolomei.it\/wp-content\/uploads\/2020\/03\/logo.png","width":304,"height":104,"caption":"Al Vecchio Frantoio Bartolomei"},"image":{"@id":"https:\/\/www.oleificiobartolomei.it\/#\/schema\/logo\/image\/"},"sameAs":["https:\/\/www.facebook.com\/frantoiobartolomei","https:\/\/www.instagram.com\/alvecchiofrantoiobartolomei\/"]}]}},"_links":{"self":[{"href":"https:\/\/www.oleificiobartolomei.it\/de\/wp-json\/wp\/v2\/pages\/12275"}],"collection":[{"href":"https:\/\/www.oleificiobartolomei.it\/de\/wp-json\/wp\/v2\/pages"}],"about":[{"href":"https:\/\/www.oleificiobartolomei.it\/de\/wp-json\/wp\/v2\/types\/page"}],"author":[{"embeddable":true,"href":"https:\/\/www.oleificiobartolomei.it\/de\/wp-json\/wp\/v2\/users\/94"}],"replies":[{"embeddable":true,"href":"https:\/\/www.oleificiobartolomei.it\/de\/wp-json\/wp\/v2\/comments?post=12275"}],"version-history":[{"count":10,"href":"https:\/\/www.oleificiobartolomei.it\/de\/wp-json\/wp\/v2\/pages\/12275\/revisions"}],"predecessor-version":[{"id":19826,"href":"https:\/\/www.oleificiobartolomei.it\/de\/wp-json\/wp\/v2\/pages\/12275\/revisions\/19826"}],"wp:featuredmedia":[{"embeddable":true,"href":"https:\/\/www.oleificiobartolomei.it\/de\/wp-json\/wp\/v2\/media\/12289"}],"wp:attachment":[{"href":"https:\/\/www.oleificiobartolomei.it\/de\/wp-json\/wp\/v2\/media?parent=12275"}],"curies":[{"name":"wp","href":"https:\/\/api.w.org\/{rel}","templated":true}]}}